{"id":1658,"date":"2024-07-07T10:29:10","date_gmt":"2024-07-07T10:29:10","guid":{"rendered":"https:\/\/psikodramamerkezi.com\/?page_id=1658"},"modified":"2024-07-07T10:29:10","modified_gmt":"2024-07-07T10:29:10","slug":"kanunyapanlar","status":"publish","type":"page","link":"https:\/\/psikodramamerkezi.com\/index.php\/kanunyapanlar\/","title":{"rendered":"KANUN YAPANLAR"},"content":{"rendered":"<section class=\"wpb-content-wrapper\">[vc_row][vc_column][vc_empty_space height=&#8221;50px&#8221;][vc_column_text]<strong>\u00a0 \u00a0 \u00a0 \u00a0 \u00a0 \u00a0 \u00a0 \u00a0 \u00a0 \u00a0 \u00a0 \u00a0 \u00a0 \u00a0 \u00a0 \u00a0 \u00a0 \u00a0 \u00a0 \u00a0 \u00a0 \u00a0 \u00a0 \u00a0 \u00a0 \u00a0 \u00a0 \u00a0 \u00a0 \u00a0 \u00a0 \u00a0 \u00a0 \u00a0 \u00a0 \u00a0 \u00a0 \u00a0 \u00a0 \u00a0 \u00a0 \u00a0 \u00a0 \u00a0 \u00a0 \u00a0 \u00a0 \u00a0 \u00a0 \u00a0 \u00a0 \u00a0 \u00a0 \u00a0 \u00a0 \u00a0 \u00a0 \u00a0 \u00a0 \u00a0<\/strong><strong>KANUN YAPANLAR<\/strong><\/p>\n<p>&nbsp;<\/p>\n<p>\u00d6mer uzun s\u00fcre sessiz kal\u0131nca Lale ona ne oldu\u011funu sorar. Bir s\u00fcre sonra durup cevap verir:<\/p>\n<p>\u201cZihnimde bir dizi d\u00fc\u015f\u00fcnceyi tetikleyen senin \u00e7er\u00e7eve referans\u0131ndan bahsetmen oldu. Her \u015fey \u00e7er\u00e7evelerle ilgili. Bir keresinde grup \u00fcyelerinden biri oyunun ba\u015f\u0131nda \u00e7ok iyiydi ama sonra gev\u015fedi ve ben ba\u011flant\u0131 kuramaz oldum. \u00c7er\u00e7evenin alt\u0131 kare b\u00f6lmeye ayr\u0131ld\u0131\u011f\u0131 eski tarz bir pencereye do\u011fru ilerlemi\u015fti. Orada hareketsiz duruyordu ve derinden etkilenmi\u015f g\u00f6r\u00fcn\u00fcyordu. Yakla\u015ft\u0131\u011f\u0131mda kare camlardan birinin \u00fczerinde bir sinek oldu\u011funu g\u00f6rd\u00fcm. D\u0131\u015far\u0131n\u0131n cazibesinden kurtulamayan ve ba\u015fka bir \u00e7\u00f6z\u00fcm yolu deneyemeyen sinek a\u015fa\u011f\u0131 yukar\u0131 ve yanlara do\u011fru hareket ediyordu. Sinek bu pencere cam\u0131nda s\u0131k\u0131\u015f\u0131p kalm\u0131\u015ft\u0131. Orada \u00f6lebilirdi. Bu grup \u00fcyesinin oyununun sonuydu, durumunu alg\u0131lam\u0131\u015ft\u0131. De\u011fi\u015fime ba\u015flamak i\u00e7in kararl\u0131 bir ad\u0131md\u0131.<\/p>\n<p>Ama bu olay beni \u00e7ok etkiledi. Genel olarak karelerin ve dikd\u00f6rtgenlerin bize ne yapt\u0131\u011f\u0131 kafama dank etti. Hapishaneler de odalar\u0131m\u0131z gibi bu \u015fekilde in\u015fa edilir. Kamusal alanlar karedir, dikd\u00f6rtgen bir v\u00fccut \u015fekline sahip olabilirsiniz, kare bir \u00e7ene. Bunlar dik ve do\u011fru anlam\u0131na gelir. Kare, yasalar\u0131 ve d\u00fczenlemeleri, s\u0131n\u0131rlar\u0131 ve disiplini temsil eder.<\/p>\n<p>\u015eimdi de tam tersine bakal\u0131m m\u0131? T\u00fcm d\u00fcnyada yuvarlak ve kare ya da dikd\u00f6rtgen kutuplulu\u011funa dair bir anlay\u0131\u015f vard\u0131r. Bu iki kelimeyle hemen ne ili\u015fkilendirdi\u011fimize bir bakar m\u0131s\u0131n? Yuvarlak bir evde b\u00fcy\u00fcd\u00fc\u011f\u00fcn\u00fc hayal et. Sa\u011f ve sol olmak \u00fczere iki taraf fikri basit\u00e7e var olmayacakt\u0131. D\u00fcnyan\u0131n her yerinde b\u00f6yle ilkel binalar var. Mimariye bakar m\u0131s\u0131n? Yuvarlak ve k\u00f6\u015felinin ince bir kombinasyonu g\u00fczel olarak onaylayan, katedrallere bak. Bir m\u00fczenin modern k\u00f6\u015feli yap\u0131s\u0131na girip, dikd\u00f6rtgen duvarlarda, mesela Rubens&#8217;in yemye\u015fil kad\u0131n resimlerini kapatan y\u00fczlerce dikd\u00f6rtgen \u00e7er\u00e7eve g\u00f6r\u00fcrs\u00fcn. \u00c7er\u00e7eve ne kadar alt\u0131n ve de\u011ferli olursa olsun, muhafaza i\u015flevi g\u00f6r\u00fcr. Bir yandan ahlaki a\u00e7\u0131dan hassas izleyici i\u00e7in yumu\u015fat\u0131c\u0131 bir etkisi vard\u0131r ama di\u011fer yandan \u00e7er\u00e7eve resme odaklanmaya da hizmet eder.<\/p>\n<p>Durumumuzun pencere \u00e7er\u00e7evesindeki zavall\u0131 sine\u011fe benzedi\u011fini anlad\u0131ktan sonra, mevcut hayat\u0131m\u0131zda ba\u015fka neyin fazla dikd\u00f6rtgen, fazla kare olabilece\u011fini sorgulama iste\u011fi ve cesareti kazan\u0131yoruz, giymek zorunda b\u0131rak\u0131ld\u0131\u011f\u0131m\u0131z d\u00fcz ceketten kurtulup yuvarlak ve dairesel bir kavram\u0131 hedefliyoruz. Bu kadar \u00e7er\u00e7eve ve cam yeter. Sonunda \u00f6zg\u00fcrl\u00fck.&#8221;<\/p>\n<p>Lale \u00f6ne do\u011fru e\u011filir, \u201cBu co\u015fku bula\u015f\u0131c\u0131. Ama kutupluluk ne olacak? Bir denge kurmak i\u00e7in a\u00e7\u0131sall\u0131\u011fa ihtiya\u00e7 yok mu? Birinin di\u011ferinin i\u00e7inde m\u00fckemmel bir uyum olaca\u011f\u0131n\u0131 hayal edebiliyorum. Bu dikd\u00f6rtgen odada dans etmekte \u00f6zg\u00fcr\u00fcz. M\u00fczi\u011fe bak. Bir par\u00e7a uyumla bitmeden \u00f6nce her zaman uyumsuzluk var. Aksi takdirde kula\u011fa \u00e7ok tatl\u0131 gelir ve hatta s\u0131k\u0131c\u0131 olabilir. Ben \u015fahsen d\u00fcz \u00e7izgileri sevmiyorum. Bana g\u00f6re fazla ideal ve bir \u015fekilde do\u011fal de\u011filler. Ve daireler de bana hitap etmiyor, bana de\u011firmenleri hat\u0131rlat\u0131yorlar. Sallanan bir \u00e7izgiyi seviyorum. Y\u0131lanlardan korkar\u0131m ama zarif hareketlerine bay\u0131l\u0131r\u0131m. Do\u011fal nehirler de ayn\u0131 \u015feyi yapar. Ve insan\u0131n v\u00fccudunu sallamas\u0131na neden olan danslar\u0131 da unutmamal\u0131y\u0131z.&#8221;<\/p>\n<p>\u00d6mer cevap verir.<\/p>\n<p>&#8220;Hepsine iyi diyebiliriz. Benim bahsetti\u011fim, insan\u0131 k\u0131vrand\u0131ran \u00e7ok dar dikd\u00f6rtgenler&#8230; Ya\u015fayanlar i\u00e7in tabutlar. \u0130\u015fte bizim i\u015fimiz burada ba\u015fl\u0131yor. Bir an gelir, spontanl\u0131k ve yarat\u0131c\u0131l\u0131k o kadar azal\u0131r ki bedeniniz bir kutuyu and\u0131r\u0131r. \u0130\u015fte o zaman \u00e7er\u00e7eveler s\u00f6k\u00fclmeli, \u00f6zellikle eski ve i\u015fe yaramaz olanlar. Her t\u00fcrl\u00fc ba\u011f, korse ve kemer \u00e7\u0131kar\u0131lmal\u0131d\u0131r. Ama\u00e7 ki\u015fiyi tamamen soymak de\u011fil, yeterli serbest harekete izin veren g\u00fcncel ve rahat k\u0131yafetler bulmakt\u0131r.<\/p>\n<p>Herkes kendi k\u0131yafet kodunu ve bununla birlikte gelen her \u015feyi zihinsel, duygusal ve fiziksel olarak se\u00e7ebilmeli ve b\u00f6ylece ya\u015fam dans\u0131na kat\u0131labilmelidir.[\/vc_column_text][vc_empty_space height=&#8221;40px&#8221;][\/vc_column][\/vc_row]\n<\/section>","protected":false},"excerpt":{"rendered":"<p>[vc_row][vc_column][vc_empty_space height=&#8221;50px&#8221;][vc_column_text]\u00a0 \u00a0 \u00a0 \u00a0 \u00a0 \u00a0 \u00a0 \u00a0 \u00a0 \u00a0 \u00a0 \u00a0 \u00a0 \u00a0 \u00a0 \u00a0 \u00a0 \u00a0 \u00a0 \u00a0 \u00a0 \u00a0 \u00a0 \u00a0 \u00a0 \u00a0 \u00a0 \u00a0 \u00a0 \u00a0 \u00a0 \u00a0 \u00a0 \u00a0 \u00a0 \u00a0 \u00a0 \u00a0 \u00a0 \u00a0 \u00a0 \u00a0 \u00a0 \u00a0 \u00a0 \u00a0 \u00a0 \u00a0 \u00a0 \u00a0 \u00a0 \u00a0 \u00a0 \u00a0 [&hellip;]<\/p>\n","protected":false},"author":1,"featured_media":0,"parent":0,"menu_order":0,"comment_status":"closed","ping_status":"closed","template":"","meta":{"footnotes":""},"class_list":["post-1658","page","type-page","status-publish","hentry"],"_links":{"self":[{"href":"https:\/\/psikodramamerkezi.com\/index.php\/wp-json\/wp\/v2\/pages\/1658","targetHints":{"allow":["GET"]}}],"collection":[{"href":"https:\/\/psikodramamerkezi.com\/index.php\/wp-json\/wp\/v2\/pages"}],"about":[{"href":"https:\/\/psikodramamerkezi.com\/index.php\/wp-json\/wp\/v2\/types\/page"}],"author":[{"embeddable":true,"href":"https:\/\/psikodramamerkezi.com\/index.php\/wp-json\/wp\/v2\/users\/1"}],"replies":[{"embeddable":true,"href":"https:\/\/psikodramamerkezi.com\/index.php\/wp-json\/wp\/v2\/comments?post=1658"}],"version-history":[{"count":1,"href":"https:\/\/psikodramamerkezi.com\/index.php\/wp-json\/wp\/v2\/pages\/1658\/revisions"}],"predecessor-version":[{"id":1659,"href":"https:\/\/psikodramamerkezi.com\/index.php\/wp-json\/wp\/v2\/pages\/1658\/revisions\/1659"}],"wp:attachment":[{"href":"https:\/\/psikodramamerkezi.com\/index.php\/wp-json\/wp\/v2\/media?parent=1658"}],"curies":[{"name":"wp","href":"https:\/\/api.w.org\/{rel}","templated":true}]}}