{"id":1648,"date":"2024-04-23T19:53:44","date_gmt":"2024-04-23T19:53:44","guid":{"rendered":"https:\/\/psikodramamerkezi.com\/?page_id=1648"},"modified":"2024-04-23T19:53:44","modified_gmt":"2024-04-23T19:53:44","slug":"korku-ve-cesaret","status":"publish","type":"page","link":"https:\/\/psikodramamerkezi.com\/index.php\/korku-ve-cesaret\/","title":{"rendered":"KORKU VE CESARET"},"content":{"rendered":"<section class=\"wpb-content-wrapper\">[vc_row][vc_column][vc_empty_space height=&#8221;50px&#8221;][vc_column_text]<strong>\u00a0 \u00a0 \u00a0 \u00a0 \u00a0 \u00a0 \u00a0 \u00a0 \u00a0 \u00a0 \u00a0 \u00a0 \u00a0 \u00a0 \u00a0 \u00a0 \u00a0 \u00a0 \u00a0 \u00a0 \u00a0 \u00a0 \u00a0 \u00a0 \u00a0 \u00a0 \u00a0 \u00a0 \u00a0 \u00a0 \u00a0 \u00a0 \u00a0 \u00a0 \u00a0 \u00a0 \u00a0 \u00a0 \u00a0 \u00a0 \u00a0 \u00a0 \u00a0 \u00a0 \u00a0 \u00a0 \u00a0 \u00a0 \u00a0 \u00a0 \u00a0 \u00a0 \u00a0 \u00a0 \u00a0 \u00a0 \u00a0 \u00a0 <\/strong><strong>KORKU VE CESARET<\/strong><\/p>\n<p>&nbsp;<\/p>\n<p>Lale yak\u0131n\u0131yor: &#8220;Bir gazeteyi a\u00e7t\u0131\u011f\u0131n\u0131zda toplumun her katman\u0131nda, her t\u00fcrden \u015fiddetle kar\u015f\u0131la\u015fmadan edemiyorsunuz. Bizim gruplar\u0131m\u0131zda da bununla ba\u015f etmek \u00e7ok zor. Aile i\u00e7i kavgalar, e\u015flerin birbirine sald\u0131rmas\u0131 \u00fczerine ne kadar \u00e7ok oyun var. Hep g\u00fc\u00e7l\u00fc olan hakl\u0131, zay\u0131f olan haks\u0131z. Tabii \u00d6mer, diyeceksin ki bu da ka\u00e7\u0131n\u0131lmaz bir kutupluluk. Bar\u0131\u015f ve sava\u015f her zaman olacak, tarih bunu kan\u0131tl\u0131yor. Bar\u0131\u015f\u0131 kazanmak i\u00e7in sava\u015fmak zorundas\u0131n\u0131z, yani sava\u015fta yer almak zorundas\u0131n\u0131z. Mekanizma \u00e7ok basit. Bunu sosyal deneylerde g\u00f6rd\u00fck. \u0130htiyac\u0131n\u0131z olan tek \u015fey iki lider, onlar\u0131n takip\u00e7ileri ve ne olursa olsun anla\u015fmazl\u0131k. K\u00fc\u00e7\u00fck bir k\u0131v\u0131lc\u0131m ve \u00e7at\u0131\u015fma ba\u015flar ve t\u0131rman\u0131r. Enerji kaynaklar\u0131 t\u00fckenene kadar her iki taraf\u0131n da y\u0131k\u0131m\u0131 devam eder. Bir bar\u0131\u015f anla\u015fmas\u0131 imzalan\u0131r. Onar\u0131m ve yeniden in\u015fa bunu takip eder.\u00a0\u00a0 Ve bu kal\u0131p kendini tekrar tekrar tekrarlar. Bu arada bu bana \u015funu hat\u0131rlatt\u0131. Hat\u0131rl\u0131yor musun, bir keresinde korku ve cesaret kutuplar\u0131 hakk\u0131nda bir oyun tasarlam\u0131\u015ft\u0131k?&#8221;<\/p>\n<p>\u00d6mer sandalyesinde arkas\u0131na yaslan\u0131r, g\u00f6zlerini kapat\u0131r ve sonra g\u00fcl\u00fcmser, hat\u0131rlar: &#8220;Hani \u015fu kocas\u0131na kar\u015f\u0131 gelemeyen kad\u0131n vard\u0131 ya. Kocas\u0131 i\u015ften her d\u00f6nd\u00fc\u011f\u00fcnde kad\u0131n pani\u011fe kap\u0131l\u0131yordu. Ondan \u00f6lesiye korkuyordu, kolayca \u015fiddete ba\u015fvurabilirdi. Ona bir psikodrama grubuna kat\u0131ld\u0131\u011f\u0131n\u0131 s\u00f6ylemeye cesaret edemiyordu. Oyundan \u00f6nce konu\u015fmu\u015ftuk ve sana k\u00f6peklerin korkunun kokusunu alabildiklerini ve bazen sald\u0131rabildiklerini s\u00f6yledi\u011fimi hat\u0131rl\u0131yorum, \u00f6zellikle de k\u00fc\u00e7\u00fck olanlar\u0131n.\u00a0 San\u0131r\u0131m insanlar da korkuyu ayn\u0131 \u015fekilde hissedebiliyor. Tabii ki bu korkusuzlar\u0131 g\u00fc\u00e7l\u00fc, korkanlar\u0131 ise zay\u0131f yapar. Bu g\u00fc\u00e7 dengesizli\u011fi bir evlilikte \u00f6l\u00fcmc\u00fcld\u00fcr. Zamanla erkek daha vah\u015fi, kad\u0131n ise daha \u00e7aresiz bir kurban haline gelir. Bu tamamlay\u0131c\u0131l\u0131k giderek daha \u015fiddetli hale gelme e\u011filimindedir.&#8221;<br \/>\nLale araya giriyor: &#8220;Ama kad\u0131n onu bir zamanlar erkek g\u00fcc\u00fc i\u00e7in seviyordu ve o da kad\u0131n\u0131 hayranl\u0131\u011f\u0131 i\u00e7in seviyordu. Evdeki h\u00e2kimiyetinin tad\u0131n\u0131 \u00e7\u0131kar\u0131yordu \u00e7\u00fcnk\u00fc ba\u015fka t\u00fcrl\u00fc pek sayg\u0131 g\u00f6rm\u00fcyordu ama tabii biz bunlar\u0131 oyundan sonra \u00f6\u011frendik.&#8221;<\/p>\n<p>\u00d6mer devam etti: &#8220;Evet. Sonunda bu konuda a\u00e7\u0131k\u00e7a konu\u015fabilmesi, bir de\u011fi\u015fim yaratmay\u0131 ba\u015fard\u0131\u011f\u0131n\u0131 kan\u0131tl\u0131yordu. Ama ne kadar zor bir s\u0131navd\u0131 bu. \u0130lk olarak kocan\u0131n eve gelip kap\u0131y\u0131 \u00e7ald\u0131\u011f\u0131 sahneyi canland\u0131rd\u0131k. Kad\u0131n korkunun t\u00fcm belirtilerini g\u00f6steriyordu. Ter i\u00e7indeydi, kalbi h\u0131zla at\u0131yordu, v\u00fccudu k\u0131p\u0131r k\u0131p\u0131rd\u0131, y\u00fcz\u00fc ve elleri kan ter i\u00e7indeydi. Ne manzara ama! Olay\u0131 tamamen yeniden ya\u015f\u0131yordu. Koca olarak uzun boylu, \u015fi\u015fman bir kad\u0131n se\u00e7mi\u015fti, erkek \u00fcyeler yeterli de\u011fildi. Rol gere\u011fi hemen kar\u015f\u0131s\u0131na \u00e7\u0131kt\u0131.<\/p>\n<p>&#8220;\u00d6yle surat yapma, \u00e7ekil. B\u00fct\u00fcn g\u00fcn ne yapt\u0131n sen? Her zamanki gibi televizyon dizileri ve bitmek bilmeyen temizlik. Aptal kafanda ba\u015fka bir \u015fey yok. Sen bir ba\u015f belas\u0131s\u0131n. \u0130\u015fe yaramaz bir hi\u00e7sin. \u00c7ekil yolumdan, bana bir i\u00e7ki getir. Umar\u0131m yemek haz\u0131rd\u0131r. Bu sefer ne pi\u015firdi\u011fini merak ediyorum. Onu bile yapam\u0131yorsun&#8230;&#8221; dedi. Bu s\u0131rada protagonist kelimenin tam anlam\u0131yla k\u00fc\u00e7\u00fcld\u00fc. Orada durduk, rol de\u011fi\u015fimi gittik\u00e7e zorla\u015ft\u0131. Rol vermek zaten zordu, \u015fimdi pes etmeye yak\u0131n g\u00f6r\u00fcn\u00fcyordu, \u00e7aresizdi, tepki veremiyordu.<\/p>\n<p>Lale: &#8220;\u0130\u015fte o zaman benim asla yapamayaca\u011f\u0131m bir \u015fey \u00f6nerdin. Daha sonra t\u00fcm bunlar\u0131n sana ba\u011f\u0131ml\u0131 insanlarla \u00e7al\u0131\u015fmay\u0131 hat\u0131rlatt\u0131\u011f\u0131n\u0131 a\u00e7\u0131klad\u0131n. Alkolikler, uyu\u015fturucu ba\u011f\u0131ml\u0131lar\u0131 vb. Ve onu da bir t\u00fcr ba\u011f\u0131ml\u0131l\u0131k i\u00e7inde g\u00f6rd\u00fcn. Fikir, tabiri caizse onu dibe vurdurmak ve daha sonra direnecek kadar g\u00fcc\u00fc harekete ge\u00e7irece\u011fine g\u00fcvenmekti. Yani bir bak\u0131ma grup \u00fcyelerini onun etraf\u0131na dizerek, onu merkezde aralar\u0131na alarak ve kocan\u0131n c\u00fcmlelerini tekrar tekrar, daha y\u00fcksek sesle ve daha y\u00fcksek sesle tekrarlayarak kocan\u0131n sald\u0131r\u0131lar\u0131n\u0131 \u00e7o\u011faltt\u0131n. Kad\u0131n\u0131n nas\u0131l sopa gibi sertle\u015fti\u011fini fark ettin mi?&#8221;<\/p>\n<p>\u00d6mer devam etti: &#8220;Bu iyiye i\u015faretti. Sonunda &#8216;Yeter art\u0131k!&#8217; noktas\u0131na gelmi\u015fti. \u00d6nce biraz ciyaklad\u0131, sonra sesi g\u00fc\u00e7lendi. Sanki ona cesaret gelmi\u015fti ve ba\u011f\u0131rmaya ba\u015flad\u0131, kollar\u0131n\u0131 kulland\u0131, eller yumruk oldu ve tekmelemeye ba\u015flad\u0131. Bu grup \u00fcyeleri i\u00e7in \u00e7ok fazlayd\u0131, yava\u015f\u00e7a pes ettiler ve metinlerini tekrarlamay\u0131 b\u0131rakt\u0131lar. Kendini \u00f6zg\u00fcr b\u0131rakm\u0131\u015ft\u0131. Ve en g\u00fczeli de deli gibi g\u00fclmeye ba\u015flad\u0131&#8221;.<\/p>\n<p>\u201cEvet,&#8221; diye kabul etti Lale, &#8220;Protagonist ba\u015fka biri olmu\u015ftu. B\u00fct\u00fcn tavr\u0131 de\u011fi\u015fmi\u015fti, y\u00fcr\u00fcy\u00fc\u015f\u00fc, sesi. Grup oyunu \u00e7ok be\u011fenmi\u015f ve bunu g\u00f6stermi\u015fti. \u0130\u015fin ilgin\u00e7 yan\u0131, kocas\u0131 bir \u015fekilde bunun kokusunu alm\u0131\u015f olmal\u0131yd\u0131. Diyelim ki korku yerine cesaret kokusu alm\u0131\u015f, o da de\u011fi\u015fmeye ba\u015flam\u0131\u015ft\u0131.&#8221;<\/p>\n<p>\u00d6mer: &#8220;Bu ola\u011fan\u00fcst\u00fc bir \u015feydi. Sanki bir baraj y\u0131k\u0131lm\u0131\u015f gibiydi. Genellikle yava\u015f akan bir nehirdeki ta\u015flar ve \u00e7\u00f6pler gibi. Bu zor bir i\u015f ve birka\u00e7 oyun gerekebilir. Kestirme bir yol yok. \u0130\u015fin i\u00e7inde \u00e7ocuklar oldu\u011funda durum daha da zordur. Destekleyici ve g\u00fcvenilir ili\u015fkilerden olu\u015fan bir a\u011f kurmak her zaman yard\u0131mc\u0131 olur.&#8221;<\/p>\n<p>\u201cCesaretten yoksun erkekler de vard\u0131r,&#8221; diyerek Lale konu\u015fmaya devam etti. &#8220;Tipik, korkun\u00e7 derecede k\u0131skan\u00e7 bir kad\u0131n\u0131 seven ve onu terk edemeyen bir adam vard\u0131. Kad\u0131n y\u0131llarca onun hapishanesiydi. Adam bir t\u00fcr umutsuz a\u015fk ba\u011f\u0131ml\u0131l\u0131\u011f\u0131ndan, kad\u0131n da kontrol stresinden muzdaripti. \u0130kisi birlikte ev yap\u0131m\u0131 bir hapishanede ya\u015famaktayd\u0131. Kar\u0131s\u0131 terapiye ba\u015flamay\u0131 kabul etti\u011finde ve kocas\u0131 bir psikodrama grubuna kat\u0131ld\u0131\u011f\u0131nda bir \u00e7\u00f6z\u00fcme ula\u015f\u0131ld\u0131. Hemen bo\u015fand\u0131lar. Ama hala ba\u015fka biriyle ya\u015famaya ba\u015flayan kar\u0131s\u0131n\u0131 \u00f6zl\u00fcyordu. Gitmesine izin vermek ve yeni bir hayata ba\u015flamak i\u00e7in cesareti yoktu. Nehir imaj\u0131 a\u00e7\u0131s\u0131ndan, o daha \u00e7ok durgun bir su tipiydi. Neredeyse durgun ve sessiz.<\/p>\n<p>Hayal g\u00fcc\u00fc \u00e7al\u0131\u015fmas\u0131, beden ifadesinin vurgulanmas\u0131 ve grubun enerjik yard\u0131m\u0131 ile tekrar ayakta durmaya ba\u015flad\u0131. Machiavelli&#8217;nin \u015fu s\u00f6z\u00fcn\u00fc biliyor musunuz? &#8220;\u0130nsanlar\u0131n korkular\u0131n\u0131 kontrol eden, onlar\u0131n ruhlar\u0131n\u0131n efendisi olur.&#8221;<\/p>\n<p>&#8221; Bu kontrol\u00f6rlere tepki vermenin pek \u00e7ok yolu var&#8221; diye s\u00f6z\u00fcn\u00fc s\u00fcrd\u00fcrd\u00fc \u00d6mer, &#8220;Hi\u00e7 tepki vermemek bile cesaret ister. Sessizce ve korkusuzca \u00f6ylece durmak. Daha yayg\u0131n olan\u0131 ise \u015fiddetli kar\u015f\u0131 sald\u0131r\u0131lar, uzun s\u00fcredir bast\u0131r\u0131lm\u0131\u015f \u00f6fkenin patlamas\u0131.<\/p>\n<p>&#8220;Sen kim oldu\u011funu san\u0131yorsun? Ben senin paspas\u0131n de\u011filim ve \u00e7\u00f6p kutun da de\u011filim. Sald\u0131rganl\u0131\u011f\u0131n\u0131 ait oldu\u011fu yere b\u0131rak, ben yanl\u0131\u015f adresim.&#8221; H\u0131zl\u0131 rol de\u011fi\u015fimleri t\u0131rman\u0131\u015f\u0131 durdurabilir ve makul de\u011fi\u015fiklikler i\u00e7in bir yol a\u00e7abilir.&#8221;<\/p>\n<p>Lale ba\u015f\u0131n\u0131 sallad\u0131: &#8220;Ve bir zamanlar biri vard\u0131, Leyla diyelim ona. Ne korkak ne de cesurdu. Ya da \u00f6yle g\u00f6r\u00fcn\u00fcyordu. Sana ondan bahsetmeliyim. \u0130lk gruplar\u0131mdan birine k\u0131sa bir s\u00fcre kat\u0131ld\u0131. Bir k\u0131z arkada\u015f\u0131 onu getirdi ve gitti. Leyla grup odas\u0131na girdi ve oturdu. Bu kadar. Daha \u00f6nce hi\u00e7 bu kadar i\u00e7ine kapan\u0131k bir insan g\u00f6rmemi\u015ftim. Benim i\u00e7in ula\u015f\u0131lmaz biriydi o. Normalde sadece yan\u0131nda sessiz bir dubl\u00f6r olarak oturmak i\u015fe yarard\u0131. Korkudan eser yoktu ama cesaret de yoktu. Bir s\u00fcre orada oturdu, grup tedirgin oldu, ne yapaca\u011f\u0131n\u0131 \u015fa\u015f\u0131rm\u0131\u015ft\u0131, \u015fimdi cesarete ihtiyac\u0131 vard\u0131. Onun elini s\u0131k\u0131ca tuttum ve bir tepki bekledim, ama hi\u00e7 tepki gelmedi. Eli s\u0131cakt\u0131 ve benimki kadar sa\u011flamd\u0131. Onun varl\u0131\u011f\u0131n\u0131 hissediyordum, sadece tepki vermiyordu. Bir s\u00fcre sonra onun ad\u0131n\u0131 s\u00f6yledim. Yumu\u015fak de\u011fildim ama sert de de\u011fildim. Elini tutu\u015f \u015feklime uygundu. Sonra akl\u0131ma bir fikir geldi. Bir durum bulmal\u0131yd\u0131m. B\u00f6ylece, grubu bize yak\u0131n bir yerde yar\u0131m daire \u015feklinde yere oturttum. Art\u0131k benim \u015faman oldu\u011fum bir kabileydik ve tekrar tekrar onun ad\u0131n\u0131 s\u00f6ylemeye ba\u015flad\u0131m. Grup da seve seve kat\u0131ld\u0131. Elimin yava\u015f\u00e7a s\u0131k\u0131ld\u0131\u011f\u0131n\u0131 ve y\u00fcz ifadesinin yumu\u015fad\u0131\u011f\u0131n\u0131 hissettim. Bu bir ilerleme de\u011fildi ama yine de&#8230;. Daha sonra arkada\u015f\u0131 onu ald\u0131, g\u00f6t\u00fcrd\u00fc ve onu bir daha g\u00f6rmedim. O bir nehir de\u011fil sessiz bir g\u00f6ld\u00fc. Onu anlam\u0131yordum ama seviyordum. H\u00e2l\u00e2 da seviyorum ve onu Hindistan&#8217;da bir Ashram&#8217;da hayal ediyorum.&#8221;<\/p>\n<p>\u00d6mer: &#8220;Bu ger\u00e7ekten de nadir bir deneyimdi. Korku ve cesaret hayat kurtaran niteliklerdir. Ancak iyi dengelenmedikleri zaman tehlikelidirler. Birinden \u00e7ok fazla \u00f6d\u00fcn verirseniz ba\u015f\u0131n\u0131z ciddi belaya girer. K\u00f6le ya da zalim. Ac\u0131 \u00e7ek ya da \u00e7ektir. Ama hi\u00e7bir \u015fey oldu\u011fu gibi kalmaz. Kal\u0131c\u0131 bir stat\u00fcko yoktur. \u00c7ark\u0131felek d\u00f6nmeye devam eder. Sarka\u00e7 sallanmaya devam eder. Zaman nehri akmaya devam eder. Y\u00fczy\u0131llar boyunca felsefe ve dinler ka\u00e7\u0131n\u0131lmaz olanla y\u00fczle\u015firken do\u011fru tutumu aram\u0131\u015flard\u0131r. Asl\u0131nda bu \u00e7ok basit. \u00c7ocuk oyunca\u011f\u0131.<\/p>\n<p>Bunu bir k\u00f6yde tesad\u00fcfen g\u00f6rd\u00fcm. Do\u011fru d\u00fczg\u00fcn bir oyun alan\u0131 yoktu. Ama iki \u00e7ocuk bir \u00e7\u00f6z\u00fcm bulmu\u015ftu. Bir ta\u015f\u0131n \u00fczerine koyduklar\u0131 eski bir tahta onlar\u0131n tahterevallisiydi. Farkl\u0131 a\u011f\u0131rl\u0131ktayd\u0131lar ve deneme yan\u0131lma yoluyla oturacaklar\u0131 do\u011fru yeri buldular. Sadece bu da de\u011fil, denemeye ba\u015flad\u0131lar ve kald\u0131rac\u0131n temel yasas\u0131n\u0131 buldular. Ta\u015fa ne kadar yak\u0131n olursan\u0131z o kadar az hareket edebiliyordunuz. Biri di\u011ferinin hareketini taklit etti ve ikisi de birbirlerini hi\u00e7 hareket ettirmeden ta\u015fa yak\u0131n bir yerde bulu\u015ftular. Ama bu hi\u00e7 e\u011flenceli de\u011fildi. Bu y\u00fczden yava\u015f\u00e7a tekrar ayr\u0131ld\u0131lar ve daha b\u00fcy\u00fck hareketlerin tad\u0131n\u0131 \u00e7\u0131kard\u0131lar. Sonra olan oldu. Biri \u00e7ok geriye hareket etti ve d\u00fc\u015ft\u00fc. Di\u011feri de hemen sert\u00e7e yere \u00e7arpt\u0131. \u0130kisi de tahterevalliden a\u011flayarak ve hafif morarm\u0131\u015f bir \u015fekilde ayr\u0131ld\u0131. Benim i\u00e7in bu canl\u0131 bir imgeydi, varolu\u015fsal bir meselenin yeterli bir \u00f6rne\u011fiydi.<\/p>\n<p>Korku ve cesaret aras\u0131ndaki m\u00fckemmel dengeyi, dinginlik, so\u011fukkanl\u0131l\u0131k, zihin ve beden sakinli\u011fi deneyimini ve duygusunu aray\u0131p aramamak ya da nas\u0131l sallanaca\u011f\u0131m\u0131z bize ba\u011fl\u0131d\u0131r. \u00c7a\u011flar boyunca tefekk\u00fcr ve meditasyon buna ula\u015fman\u0131n yolu olmu\u015ftur. \u00c7e\u015fitli imgeler ne yap\u0131lmas\u0131 gerekti\u011fini \u00f6nerir. Eksende kalmak, merkezde olmak, f\u0131rt\u0131nan\u0131n g\u00f6z\u00fcnde olmak, a\u00e7\u0131k deniz ve k\u0131y\u0131 aras\u0131nda g\u00fcvenli bir mesafe tutmak, alt\u0131n orta yola, vasatiye ba\u011fl\u0131 kalmak. Mesaj ayn\u0131d\u0131r ve antik Delphi tap\u0131na\u011f\u0131n\u0131n iki \u00fcnl\u00fc \u00f6zdeyi\u015finden biridir.<\/p>\n<p>&#8220;Hi\u00e7bir \u015feyde a\u015f\u0131r\u0131l\u0131\u011fa ka\u00e7ma!&#8221; ve &#8220;Kendini bil!&#8221;[\/vc_column_text][vc_empty_space height=&#8221;40px&#8221;][\/vc_column][\/vc_row]\n<\/section>","protected":false},"excerpt":{"rendered":"<p>[vc_row][vc_column][vc_empty_space height=&#8221;50px&#8221;][vc_column_text]\u00a0 \u00a0 \u00a0 \u00a0 \u00a0 \u00a0 \u00a0 \u00a0 \u00a0 \u00a0 \u00a0 \u00a0 \u00a0 \u00a0 \u00a0 \u00a0 \u00a0 \u00a0 \u00a0 \u00a0 \u00a0 \u00a0 \u00a0 \u00a0 \u00a0 \u00a0 \u00a0 \u00a0 \u00a0 \u00a0 \u00a0 \u00a0 \u00a0 \u00a0 \u00a0 \u00a0 \u00a0 \u00a0 \u00a0 \u00a0 \u00a0 \u00a0 \u00a0 \u00a0 \u00a0 \u00a0 \u00a0 \u00a0 \u00a0 \u00a0 \u00a0 \u00a0 \u00a0 \u00a0 [&hellip;]<\/p>\n","protected":false},"author":1,"featured_media":0,"parent":0,"menu_order":0,"comment_status":"closed","ping_status":"closed","template":"","meta":{"footnotes":""},"class_list":["post-1648","page","type-page","status-publish","hentry"],"_links":{"self":[{"href":"https:\/\/psikodramamerkezi.com\/index.php\/wp-json\/wp\/v2\/pages\/1648","targetHints":{"allow":["GET"]}}],"collection":[{"href":"https:\/\/psikodramamerkezi.com\/index.php\/wp-json\/wp\/v2\/pages"}],"about":[{"href":"https:\/\/psikodramamerkezi.com\/index.php\/wp-json\/wp\/v2\/types\/page"}],"author":[{"embeddable":true,"href":"https:\/\/psikodramamerkezi.com\/index.php\/wp-json\/wp\/v2\/users\/1"}],"replies":[{"embeddable":true,"href":"https:\/\/psikodramamerkezi.com\/index.php\/wp-json\/wp\/v2\/comments?post=1648"}],"version-history":[{"count":1,"href":"https:\/\/psikodramamerkezi.com\/index.php\/wp-json\/wp\/v2\/pages\/1648\/revisions"}],"predecessor-version":[{"id":1649,"href":"https:\/\/psikodramamerkezi.com\/index.php\/wp-json\/wp\/v2\/pages\/1648\/revisions\/1649"}],"wp:attachment":[{"href":"https:\/\/psikodramamerkezi.com\/index.php\/wp-json\/wp\/v2\/media?parent=1648"}],"curies":[{"name":"wp","href":"https:\/\/api.w.org\/{rel}","templated":true}]}}