{"id":1642,"date":"2024-04-23T19:50:27","date_gmt":"2024-04-23T19:50:27","guid":{"rendered":"https:\/\/psikodramamerkezi.com\/?page_id=1642"},"modified":"2024-04-23T19:50:27","modified_gmt":"2024-04-23T19:50:27","slug":"catisma","status":"publish","type":"page","link":"https:\/\/psikodramamerkezi.com\/index.php\/catisma\/","title":{"rendered":"\u00c7ATI\u015eMA"},"content":{"rendered":"<section class=\"wpb-content-wrapper\">[vc_row][vc_column][vc_empty_space height=&#8221;50px&#8221;][vc_column_text]<strong>\u00a0 \u00a0 \u00a0 \u00a0 \u00a0 \u00a0 \u00a0 \u00a0 \u00a0 \u00a0 \u00a0 \u00a0 \u00a0 \u00a0 \u00a0 \u00a0 \u00a0 \u00a0 \u00a0 \u00a0 \u00a0 \u00a0 \u00a0 \u00a0 \u00a0 \u00a0 \u00a0 \u00a0 \u00a0 \u00a0 \u00a0 \u00a0 \u00a0 \u00a0 \u00a0 \u00a0 \u00a0 \u00a0 \u00a0 \u00a0 \u00a0 \u00a0 \u00a0 \u00a0 \u00a0 \u00a0 \u00a0 \u00a0 \u00a0 \u00a0 \u00a0 \u00a0 \u00a0 \u00a0 \u00a0 \u00a0 \u00a0 \u00a0 <\/strong><strong>\u00c7ATI\u015eMA<\/strong><\/p>\n<p>&nbsp;<\/p>\n<p>Kutuplardan olu\u015fan bir d\u00fcnyada ya\u015fad\u0131\u011f\u0131m\u0131z i\u00e7in \u00e7at\u0131\u015fmadan ka\u00e7\u0131n\u0131lamaz. \u0130n\u015faat\u0131n oldu\u011fu yerde y\u0131k\u0131m da vard\u0131r, t\u0131pk\u0131 gecenin g\u00fcnd\u00fcz\u00fc takip etmesi gibi. Nefes al\u0131p verdikten sonra, do\u011fum ve \u00f6l\u00fcm kadar kesin bir \u015fekilde nefes vermek gerekir. Bu nedenle bir kez ac\u0131 \u00e7ekeriz, bir kez de zevk al\u0131r\u0131z. Ka\u00e7\u0131\u015f yok mu? Hay\u0131r. Mevsimleri durduramazs\u0131n\u0131z ama onlar\u0131 zerafetle kabul edebilirsiniz. Ve en az\u0131ndan bir de\u011fi\u015fiklik olaca\u011f\u0131n\u0131 bilirsiniz. Umutsuzluktan sonra umut, g\u00fcn bat\u0131m\u0131ndan sonra g\u00fcn do\u011fumu, ayr\u0131l\u0131\u015ftan sonra var\u0131\u015f vard\u0131r. Ancak de\u011fi\u015fimi kabul etmek istemedi\u011finizde ve gelgitlerin hareketine direnmeye \u00e7al\u0131\u015ft\u0131\u011f\u0131n\u0131zda \u00e7ok fazla ac\u0131 \u00e7ekersiniz. O zaman bo\u011fulabilirsiniz.<\/p>\n<p>Peki psikodrama ne yapabilir? Ka\u00e7\u0131n\u0131lmaz olan\u0131n fark\u0131na varman\u0131z\u0131 sa\u011flayabilir ve sizi kabullenmeye y\u00f6nlendirebilir. Mevcut durumu de\u011ferlendirebilir, bu duruma nas\u0131l girdi\u011finizi ve bundan nas\u0131l \u00e7\u0131kabilece\u011finizi \u00f6\u011frenmek i\u00e7in ge\u00e7mi\u015fe uzanabilirsiniz. D\u0131\u015f korkularla ve \u00f6zellikle i\u00e7 kayg\u0131larla ilgilenir, b\u00f6ylece onlarla y\u00fczle\u015febilir ve ba\u015fa \u00e7\u0131kabilirsiniz. \u00c7at\u0131\u015fmalar gereklidir ama k\u00f6rle\u015ftirir. Onlar\u0131 a\u00e7\u0131k\u00e7a sahneye koyun ve g\u00f6receksiniz.<\/p>\n<p>Lale, kar\u0131s\u0131n\u0131 ve \u00e7ocu\u011funu \u00e7ok seven bir kocay\u0131 hat\u0131rl\u0131yor. Onlara bir \u015fey olmas\u0131ndan \u00e7ok korkuyordu. Bu y\u00fczden olas\u0131 tehlikeleri savu\u015fturmak i\u00e7in her t\u00fcrl\u00fc \u00f6nlemi al\u0131yordu. Lale, ondan durumu sahnede g\u00f6stermesini istedi\u011finde &#8220;Nas\u0131l?&#8221; diye sordu. Cevap ya da \u00f6neri yok, Lale sadece sessiz kald\u0131 ve bekledi. Protagonistin i\u00e7indeki bask\u0131 artt\u0131, bir \u00e7\u0131k\u0131\u015f yolu bulacakt\u0131. Kar\u0131s\u0131n\u0131 ve \u00e7ocu\u011funu se\u00e7ti ve onlar\u0131 birbirlerine s\u0131ms\u0131k\u0131 sar\u0131lm\u0131\u015f bir \u015fekilde sahnenin tam ortas\u0131na koydu. Bu ona bir heykeli hat\u0131rlatt\u0131. Sonra birka\u00e7 kez kendi etraf\u0131nda d\u00f6nd\u00fc. Akl\u0131nda ne oldu\u011fu soruldu\u011funda \u015f\u00f6yle cevap verdi: \u201cDikkatli olmal\u0131y\u0131m. \u0130\u015fe gitmeliyim. Bir duvar \u00f6rebilirim.&#8221; Bunun i\u00e7in gruptaki \u00fcyelerden de\u011fil sandalyeleri se\u00e7ti. Lale c\u00fcret etti: &#8220;Bek\u00e7ileriniz olabilir.&#8221;<\/p>\n<p>&#8220;Ah, hay\u0131r, onlara g\u00fcvenemem.&#8221; Yine huzursuzca d\u00f6n\u00fcp durdu. &#8220;Belki biraz da dikenli tel koymal\u0131y\u0131m.&#8221; Bu da yetmedi, hendekler icat etti ve i\u00e7ine silahlar yerle\u015ftirdi. Ama yine de tatmin olmam\u0131\u015ft\u0131. M\u00fcdahale etme zaman\u0131 gelmi\u015fti. Protagonist giderek ayn\u0131 duruma daha fazla odaklanm\u0131\u015f ve bu nedenle b\u00fct\u00fcn\u00fc g\u00f6remez hale gelmi\u015fti. Onu sahneden indirdi. &#8220;Bunun \u00e7\u0131lg\u0131nca g\u00f6r\u00fcnd\u00fc\u011f\u00fcn\u00fc biliyorum ama onlar\u0131n g\u00fcvende olmas\u0131n\u0131 istiyorum&#8221; dedi.<\/p>\n<p>Lale, &#8220;Hi\u00e7 d\u00fc\u015fman g\u00f6r\u00fcyor musun&#8230;?&#8221; diye sordu. Bir cevap bulamad\u0131.\u00a0 &#8220;\u015eimdi sahnede ne g\u00f6r\u00fcyorsun?&#8221; diye devam etti. Adam uzun bir s\u00fcre sessiz kald\u0131, sonra derin bir nefes ald\u0131 ve a\u011fz\u0131ndan ka\u00e7\u0131rd\u0131. &#8220;Korkun\u00e7 bir hapishane. Ve ben de gardiyan\u0131m. Bu korkun\u00e7.&#8221; Sahneye f\u0131rlad\u0131, aceleyle t\u00fcm yap\u0131lar\u0131n\u0131 kald\u0131rd\u0131 ve kar\u0131s\u0131 ile \u00e7ocu\u011funu serbest b\u0131rakt\u0131: &#8220;\u00d6zg\u00fcr olmak istiyorum. \u00d6zg\u00fcr olmaya ihtiyac\u0131m var. G\u00fcvenli\u011fimizi \u00f6nemsedi\u011fini biliyorum ama bu \u00e7ok fazla. Kendimi ve \u00e7ocu\u011fu koruyabilirim.&#8221;<\/p>\n<p>Bu oyun bir ba\u015flang\u0131\u00e7t\u0131, devam\u0131 gelecekti. D\u0131\u015f d\u00fcnyada olas\u0131 bir \u00e7at\u0131\u015fma beklentisi bile onu k\u00f6r ve kat\u0131 yapmaya yetmi\u015fti. As\u0131l \u00e7at\u0131\u015fman\u0131n kendi zihninde oldu\u011funun fark\u0131nda de\u011fildi: stat\u00fckoya kar\u015f\u0131 de\u011fi\u015fim, ak\u0131\u015f\u0131 engelleyen bir baraj.[\/vc_column_text][vc_empty_space height=&#8221;40px&#8221;][\/vc_column][\/vc_row]\n<\/section>","protected":false},"excerpt":{"rendered":"<p>[vc_row][vc_column][vc_empty_space height=&#8221;50px&#8221;][vc_column_text]\u00a0 \u00a0 \u00a0 \u00a0 \u00a0 \u00a0 \u00a0 \u00a0 \u00a0 \u00a0 \u00a0 \u00a0 \u00a0 \u00a0 \u00a0 \u00a0 \u00a0 \u00a0 \u00a0 \u00a0 \u00a0 \u00a0 \u00a0 \u00a0 \u00a0 \u00a0 \u00a0 \u00a0 \u00a0 \u00a0 \u00a0 \u00a0 \u00a0 \u00a0 \u00a0 \u00a0 \u00a0 \u00a0 \u00a0 \u00a0 \u00a0 \u00a0 \u00a0 \u00a0 \u00a0 \u00a0 \u00a0 \u00a0 \u00a0 \u00a0 \u00a0 \u00a0 \u00a0 \u00a0 [&hellip;]<\/p>\n","protected":false},"author":1,"featured_media":0,"parent":0,"menu_order":0,"comment_status":"closed","ping_status":"closed","template":"","meta":{"footnotes":""},"class_list":["post-1642","page","type-page","status-publish","hentry"],"_links":{"self":[{"href":"https:\/\/psikodramamerkezi.com\/index.php\/wp-json\/wp\/v2\/pages\/1642","targetHints":{"allow":["GET"]}}],"collection":[{"href":"https:\/\/psikodramamerkezi.com\/index.php\/wp-json\/wp\/v2\/pages"}],"about":[{"href":"https:\/\/psikodramamerkezi.com\/index.php\/wp-json\/wp\/v2\/types\/page"}],"author":[{"embeddable":true,"href":"https:\/\/psikodramamerkezi.com\/index.php\/wp-json\/wp\/v2\/users\/1"}],"replies":[{"embeddable":true,"href":"https:\/\/psikodramamerkezi.com\/index.php\/wp-json\/wp\/v2\/comments?post=1642"}],"version-history":[{"count":1,"href":"https:\/\/psikodramamerkezi.com\/index.php\/wp-json\/wp\/v2\/pages\/1642\/revisions"}],"predecessor-version":[{"id":1643,"href":"https:\/\/psikodramamerkezi.com\/index.php\/wp-json\/wp\/v2\/pages\/1642\/revisions\/1643"}],"wp:attachment":[{"href":"https:\/\/psikodramamerkezi.com\/index.php\/wp-json\/wp\/v2\/media?parent=1642"}],"curies":[{"name":"wp","href":"https:\/\/api.w.org\/{rel}","templated":true}]}}