{"id":1638,"date":"2024-04-23T19:48:01","date_gmt":"2024-04-23T19:48:01","guid":{"rendered":"https:\/\/psikodramamerkezi.com\/?page_id=1638"},"modified":"2024-04-23T19:48:01","modified_gmt":"2024-04-23T19:48:01","slug":"farkindalikla-ilgili-bir-seminer","status":"publish","type":"page","link":"https:\/\/psikodramamerkezi.com\/index.php\/farkindalikla-ilgili-bir-seminer\/","title":{"rendered":"FARKINDALIKLA \u0130LG\u0130L\u0130 B\u0130R SEM\u0130NER"},"content":{"rendered":"<section class=\"wpb-content-wrapper\">[vc_row][vc_column][vc_empty_space height=&#8221;50px&#8221;][vc_column_text]<strong>\u00a0 \u00a0 \u00a0 \u00a0 \u00a0 \u00a0 \u00a0 \u00a0 \u00a0 \u00a0 \u00a0 \u00a0 \u00a0 \u00a0 \u00a0 \u00a0 \u00a0 \u00a0 \u00a0 \u00a0 \u00a0 \u00a0 \u00a0 \u00a0 \u00a0 \u00a0 \u00a0 \u00a0 \u00a0 \u00a0 \u00a0 \u00a0 \u00a0 \u00a0 \u00a0 \u00a0 \u00a0 \u00a0 \u00a0 \u00a0 \u00a0 \u00a0 \u00a0 \u00a0 \u00a0 \u00a0 \u00a0 \u00a0 \u00a0 \u00a0 \u00a0 \u00a0 \u00a0 \u00a0 \u00a0 \u00a0 \u00a0 \u00a0<\/strong><strong>FARKINDALIKLA \u0130LG\u0130L\u0130 B\u0130R SEM\u0130NER<\/strong><\/p>\n<p>&nbsp;<\/p>\n<p>Lale fark\u0131ndal\u0131kla ilgili bir seminer haz\u0131rl\u0131yor ve \u00d6mer&#8217;le fark\u0131ndal\u0131k \u00fczerine konu\u015fuyor.<\/p>\n<p>&#8220;Fark\u0131ndal\u0131k hakk\u0131nda s\u00f6ylenecek o kadar \u00e7ok \u015fey var ki, onu deneyimlemeden \u00e7ok az \u015fey ifade ediyor. Uyan\u0131k oldu\u011fumuzda ya\u015famda yolumuzu bulmak i\u00e7in s\u00fcrekli olarak duyular\u0131m\u0131z\u0131 kullan\u0131r\u0131z. Bunlar d\u0131\u015f d\u00fcnyay\u0131 tarayan ve i\u015fledi\u011fimiz verileri toplayan aletlerimizdir. Diyelim ki bir t\u00fcr denizalt\u0131day\u0131z ve bize d\u0131\u015far\u0131da ne oldu\u011fu hakk\u0131nda fikir veren \u00e7e\u015fitli monit\u00f6rleri izliyoruz. Bize nelerden ka\u00e7\u0131nmam\u0131z ve tehlike durumunda nas\u0131l tepki vermemiz gerekti\u011fini s\u00f6yleyen uyar\u0131 sinyalleri olan her t\u00fcrl\u00fc bip sesi ve \u0131\u015f\u0131k vard\u0131r. Elbette yak\u0131t miktar\u0131, oksijen ve bas\u0131n\u00e7 gibi i\u00e7 ko\u015fullar\u0131 da d\u00fczenleyen ve kontrol eden bir dizi cihaz vard\u0131r. T\u00fcm bu cihazlar\u0131n \u00e7o\u011fu otomatiktir, ola\u011fan s\u00fcre\u00e7lerle ba\u015fa \u00e7\u0131kmak i\u00e7in programlanm\u0131\u015ft\u0131r. Ola\u011fan\u00fcst\u00fc durumlarda deneyimli ve son derece hassas bir kaptan devreye girer, o zaman fark\u0131ndal\u0131k komuta eder.&#8221;<\/p>\n<p>\u00d6mer: &#8220;\u0130mge \u00fcrk\u00fct\u00fcc\u00fc. Ne kadar k\u00fc\u00e7\u00fck, narin ve k\u0131r\u0131lgan varl\u0131klar\u0131z&#8230; T\u00fcm d\u00fcnyan\u0131n evrendeki k\u00fc\u00e7\u00fck bir uzay gemisi oldu\u011fu imgesine ne kadar da benziyor. Varl\u0131\u011f\u0131m\u0131z\u0131 tehlikeye atmamak i\u00e7in t\u00fcm insanl\u0131\u011f\u0131n bolca fark\u0131ndal\u0131\u011fa ihtiyac\u0131 olacakt\u0131r.&#8221;<\/p>\n<p>Lale:&#8221; Bu nedenle fark\u0131ndal\u0131k e\u011fitimi \u00e7ok \u00f6nemli. Ama bunu yapmak i\u00e7in \u00f6nce fark\u0131ndal\u0131\u011f\u0131n fark\u0131nda olmak gerekir. Konu\u015fmay\u0131 ele alal\u0131m, buna o kadar al\u0131\u015fm\u0131\u015f\u0131z ki ger\u00e7ekten dinlemiyoruz. Mesaj\u0131 anlamakla yetiniyoruz. &#8220;Bu ak\u015fam eve gelecek misin?&#8221; Ama bu yeterli de\u011fil. Bu durumda bilin\u00e7alt\u0131m\u0131z, bilin\u00e7li zihin taraf\u0131ndan bilinmeyen e\u015fzamanl\u0131 bir mesaj\u0131n fark\u0131ndad\u0131r. Bu bilin\u00e7alt\u0131 fark\u0131ndal\u0131k, seste bir endi\u015fe izi tespit etmi\u015ftir. Sadece \u2018tam fark\u0131ndal\u0131k\u2019 mesaj\u0131n tamam\u0131n\u0131 alg\u0131layabilir. &#8221;<\/p>\n<p>\u00d6mer araya giriyor: &#8220;Ge\u00e7en g\u00fcn Leonard Cohen&#8217;in &#8220;Susanna&#8221; adl\u0131 kitab\u0131n\u0131 okudum. G\u00fczeldi ama renkli gelmedi bana. Ancak bir \u015fark\u0131 olarak canl\u0131 ve hayat dolu. Konu\u015fmak \u015fark\u0131 s\u00f6ylemek de\u011fildir ama bence \u00e7ok da farkl\u0131 de\u011fil. Blues s\u00f6ylemenize gerek yok, sesiniz h\u00fcz\u00fcnl\u00fc ve blues vari geliyor ve iyi bir arkada\u015fla tan\u0131\u015ft\u0131\u011f\u0131n\u0131zda bu hemen de\u011fi\u015fiyor. Kulaklar\u0131m\u0131z bu \u015fekilde e\u011fitilmi\u015ftir. \u0130nsanlar\u0131n \u2018Merhaba\u2019 deyi\u015flerindeki t\u00fcm k\u00fc\u00e7\u00fck farkl\u0131l\u0131klar\u0131 duyar\u0131z. Bildi\u011finizden \u00e7ok daha fazlas\u0131n\u0131 alg\u0131lars\u0131n\u0131z. Bence bunun empatiyle de bir ilgisi var. Bir insana ne kadar yak\u0131n olursan\u0131z, onun i\u00e7inde bulundu\u011fu duygusal durumu da o kadar \u00e7ok duyars\u0131n\u0131z ve sorars\u0131n\u0131z, \u2018Bir sorun mu var?\u2019 ve cevap, \u2018Hay\u0131r, hi\u00e7bir \u015fey yok\u2019 cevab\u0131 sizi tatmin etmez.&#8221;<\/p>\n<p>&nbsp;<\/p>\n<p>Lale g\u00fclerek soruyor: &#8220;Son zamanlarda t\u0131ra\u015f losyonu markan\u0131 m\u0131 de\u011fi\u015ftirdin?\u00a0 Televizyon sana daha iyisini g\u00f6sterdi. Yoksa bu t\u00fcr tan\u0131t\u0131mlara kar\u015f\u0131 ba\u011f\u0131\u015f\u0131kl\u0131\u011f\u0131n m\u0131 var? Belki de sesleri \u00e7ok abart\u0131l\u0131 buldun?<\/p>\n<p>Ses e\u011fitimi sadece akt\u00f6rler ya da \u015fark\u0131c\u0131lar i\u00e7in de\u011fil, politikac\u0131lar da ayn\u0131 hizmetleri kullan\u0131yor ve bir dereceye kadar i\u015fe yar\u0131yor. Ancak bu kadar kolay kand\u0131r\u0131lamay\u0131z. Yeterli fark\u0131ndal\u0131kla bir konu\u015fman\u0131n do\u011fru olup olmad\u0131\u011f\u0131n\u0131 anlayabiliriz. \u00c7ocukken annene hi\u00e7 yalan s\u00f6yledin mi ve o bunu fark etmedi mi? Her zamanki ses tonundan en ufak bir sapma olsa bile bunu anlar. Her \u015fey bebeklerle ba\u015flar. Seslere kar\u015f\u0131 \u00e7ok hassast\u0131rlar. Kelimelerin hen\u00fcz bir anlam\u0131 yoktur ama bir insana g\u00fcvenilip g\u00fcvenilmeyece\u011fini hemen anlar. Bir anne ve kay\u0131p bir \u00e7ocuk, herhangi bir kalabal\u0131\u011f\u0131n i\u00e7inde birbirlerini bulurlar. Bence sesler parmak izleri kadar farkl\u0131d\u0131r.<\/p>\n<p>Kelimelerdeki mesaj\u0131n yan\u0131 s\u0131ra, ses bir beden ifadesidir. Onu duygusal s\u0131cakl\u0131\u011f\u0131 \u00f6l\u00e7en bir termometre ya da i\u00e7 bas\u0131nc\u0131 \u00f6l\u00e7en bir barometre gibi d\u00fc\u015f\u00fcnebilirsiniz. Onu iyi okudu\u011funuzda m\u00fcdahalelerinizi buna g\u00f6re de\u011fi\u015ftirebilirsiniz. Is\u0131nma ya da so\u011fuma, bas\u0131n\u00e7 valfini serbest b\u0131rakma ya da bas\u0131n\u00e7 ekleme, se\u00e7enekleriniz olacakt\u0131r.<\/p>\n<p>Bir yandan e\u015fleme, di\u011fer yandan rol de\u011fi\u015fimi m\u00fcdahaleler i\u00e7in do\u011fru ara\u00e7lard\u0131r. \u00d6zellikle rol de\u011fi\u015fimi acil durumlarda m\u00fckemmeldir, zihni an\u0131nda devreye sokar ve duygusal y\u00fck\u00fc azalt\u0131r. E\u015fleme yaparken liderin sesi \u00f6nemli bir rol oynar. Yumu\u015faktan serte, al\u00e7aktan y\u00fckse\u011fe, yava\u015ftan h\u0131zl\u0131ya, f\u0131s\u0131lt\u0131dan ba\u011f\u0131rmaya ve aradaki t\u00fcm tonlara kadar de\u011fi\u015febilir. Sadece bir enstr\u00fcmand\u0131r ve daha fazlas\u0131 de\u011fildir. Her zamanki ton, her an geri d\u00f6nebilece\u011fi, gereksiz hi\u00e7bir duygunun ifade edilmedi\u011fi s\u0131f\u0131r noktas\u0131 gibidir.<\/p>\n<p>Kula\u011f\u0131n\u0131 e\u011fitmek i\u00e7in harika bir yol vard\u0131r: \u2018Radyo Tiyatrosu\u2019. Televizyondan \u00f6nce \u00e7ok yayg\u0131nd\u0131lar. Komedi, su\u00e7, dram, gizem, korku, gerilim se\u00e7ebilirsiniz. Her \u015fey seste, t\u00fcm\u00fc rollerde. Ve iyi bir kontrast elde etmek i\u00e7in abart\u0131 mutlaka vard\u0131r.&#8221;[\/vc_column_text][vc_empty_space height=&#8221;40px&#8221;][\/vc_column][\/vc_row]\n<\/section>","protected":false},"excerpt":{"rendered":"<p>[vc_row][vc_column][vc_empty_space height=&#8221;50px&#8221;][vc_column_text]\u00a0 \u00a0 \u00a0 \u00a0 \u00a0 \u00a0 \u00a0 \u00a0 \u00a0 \u00a0 \u00a0 \u00a0 \u00a0 \u00a0 \u00a0 \u00a0 \u00a0 \u00a0 \u00a0 \u00a0 \u00a0 \u00a0 \u00a0 \u00a0 \u00a0 \u00a0 \u00a0 \u00a0 \u00a0 \u00a0 \u00a0 \u00a0 \u00a0 \u00a0 \u00a0 \u00a0 \u00a0 \u00a0 \u00a0 \u00a0 \u00a0 \u00a0 \u00a0 \u00a0 \u00a0 \u00a0 \u00a0 \u00a0 \u00a0 \u00a0 \u00a0 \u00a0 \u00a0 \u00a0 [&hellip;]<\/p>\n","protected":false},"author":1,"featured_media":0,"parent":0,"menu_order":0,"comment_status":"closed","ping_status":"closed","template":"","meta":{"footnotes":""},"class_list":["post-1638","page","type-page","status-publish","hentry"],"_links":{"self":[{"href":"https:\/\/psikodramamerkezi.com\/index.php\/wp-json\/wp\/v2\/pages\/1638","targetHints":{"allow":["GET"]}}],"collection":[{"href":"https:\/\/psikodramamerkezi.com\/index.php\/wp-json\/wp\/v2\/pages"}],"about":[{"href":"https:\/\/psikodramamerkezi.com\/index.php\/wp-json\/wp\/v2\/types\/page"}],"author":[{"embeddable":true,"href":"https:\/\/psikodramamerkezi.com\/index.php\/wp-json\/wp\/v2\/users\/1"}],"replies":[{"embeddable":true,"href":"https:\/\/psikodramamerkezi.com\/index.php\/wp-json\/wp\/v2\/comments?post=1638"}],"version-history":[{"count":1,"href":"https:\/\/psikodramamerkezi.com\/index.php\/wp-json\/wp\/v2\/pages\/1638\/revisions"}],"predecessor-version":[{"id":1639,"href":"https:\/\/psikodramamerkezi.com\/index.php\/wp-json\/wp\/v2\/pages\/1638\/revisions\/1639"}],"wp:attachment":[{"href":"https:\/\/psikodramamerkezi.com\/index.php\/wp-json\/wp\/v2\/media?parent=1638"}],"curies":[{"name":"wp","href":"https:\/\/api.w.org\/{rel}","templated":true}]}}