{"id":1629,"date":"2024-04-23T19:40:31","date_gmt":"2024-04-23T19:40:31","guid":{"rendered":"https:\/\/psikodramamerkezi.com\/?page_id=1629"},"modified":"2024-04-23T19:40:31","modified_gmt":"2024-04-23T19:40:31","slug":"kisisel-guc","status":"publish","type":"page","link":"https:\/\/psikodramamerkezi.com\/index.php\/kisisel-guc\/","title":{"rendered":"K\u0130\u015e\u0130SEL G\u00dc\u00c7"},"content":{"rendered":"<section class=\"wpb-content-wrapper\">[vc_row][vc_column][vc_empty_space height=&#8221;50px&#8221;][vc_column_text]<strong>\u00a0 \u00a0 \u00a0 \u00a0 \u00a0 \u00a0 \u00a0 \u00a0 \u00a0 \u00a0 \u00a0 \u00a0 \u00a0 \u00a0 \u00a0 \u00a0 \u00a0 \u00a0 \u00a0 \u00a0 \u00a0 \u00a0 \u00a0 \u00a0 \u00a0 \u00a0 \u00a0 \u00a0 \u00a0 \u00a0 \u00a0 \u00a0 \u00a0 \u00a0 \u00a0 \u00a0 \u00a0 \u00a0 \u00a0 \u00a0 \u00a0 \u00a0 \u00a0 \u00a0 \u00a0 \u00a0 \u00a0 \u00a0 \u00a0 \u00a0 \u00a0 \u00a0 \u00a0 \u00a0 \u00a0 \u00a0 <\/strong><strong>K\u0130\u015e\u0130SEL G\u00dc\u00c7<\/strong><\/p>\n<p>&nbsp;<\/p>\n<p>Lale konu\u015fmaya ba\u015flad\u0131: &#8220;Bir gruptan korktu\u011fum zamanlar oldu, o grubun benden \u00e7ok daha g\u00fc\u00e7l\u00fc oldu\u011funu ve onlara liderlik etme giri\u015fiminin bir felakete d\u00f6n\u00fc\u015fece\u011fini hissettim. Daha sonra alg\u0131m\u0131n yanl\u0131\u015f oldu\u011funu fark ettim.\u00a0 Asl\u0131nda korktu\u011fum grup de\u011fil, garip bir karizma ile grubun dikkatini \u00e7eken tek tek \u00fcyelerdi. Bu, daha sonra narsizm oldu\u011funu \u00f6\u011frendi\u011fim \u015feyle ilk tan\u0131\u015fmamd\u0131. B\u00f6yle biri neden bir gruba kat\u0131lmak isterdi? Bir de\u011fi\u015fim ihtiyac\u0131, bir istek, bir eksiklik mi vard\u0131? O zaman bir ihtiya\u00e7 oldu\u011funu anlad\u0131m.<\/p>\n<p>B\u00f6yle bir ki\u015finin \u00fcst\u00fcnl\u00fc\u011f\u00fcn\u00fc garanti eden b\u00fcy\u00fcleyici auras\u0131n\u0131 g\u00fc\u00e7lendirmek i\u00e7in takip\u00e7ilere, bir izleyici kitlesine, bir gruba ihtiyac\u0131 vard\u0131. B\u00f6yle bir &#8220;g\u00f6steri ustas\u0131&#8221; bir lider olarak bana kar\u015f\u0131 \u00e7\u0131kmal\u0131 ve i\u015flevimi baltalamal\u0131yd\u0131. Bu a\u00e7\u0131k bir ele\u015ftiriyle yap\u0131lsayd\u0131, \u00fcstesinden gelebilirdim. Ama bu sinsi yol!\u00a0 Sanki tekliflerimi ve m\u00fcdahalelerimi kabul ediyormu\u015f gibi, grup beklentilerini manip\u00fcle ederek niyetlerim \u00e7arp\u0131t\u0131ld\u0131, yani &#8216;Bunu istiyor ama asl\u0131nda ba\u015fka \u015fey istiyor&#8217; \u015feklinde. T\u00fcm bunlar beni beceriksiz g\u00f6stermek i\u00e7in yap\u0131ld\u0131, sinir bozucuydu ve kendimi a\u015fa\u011f\u0131lanm\u0131\u015f hissettim. Yard\u0131ma ihtiyac\u0131m vard\u0131. G\u00fcvenilir bir supervisor&#8217;\u0131m vard\u0131. Ona Arda diyelim. Duygular\u0131m\u0131n beni harekete ge\u00e7mekten al\u0131koydu\u011fu, kendimi fel\u00e7 olmu\u015f hissetti\u011fim anlar\u0131 canland\u0131rmam\u0131 sa\u011flad\u0131. \u0130\u00e7 monolog kullanarak duygular\u0131m\u0131 d\u0131\u015fa vurabildim ve biraz rahatlad\u0131m. Arda bana &#8220;Haysiyetin ne olacak?&#8221; diye sordu. Bu beni incitti.<\/p>\n<p><span>\u00a0<\/span>Utan\u00e7 ve \u00f6fkeden g\u00f6zya\u015flar\u0131na bo\u011fulmak \u00fczereydim. \u00d6z\u00fcme dokundu ve a\u011fz\u0131mdan ka\u00e7\u0131rd\u0131m: &#8220;Ama ben becerileri olan bir bireyim.&#8221; Arda hemen oradan devam etmemi istedi. Birbiri ard\u0131na yeteneklerimi s\u0131ralad\u0131m. Sesim sertle\u015fti, t\u00fcm yal\u0131nl\u0131\u011f\u0131m gitti. Omurgam art\u0131k sarkm\u0131yordu. Dibe vurmu\u015ftum ve art\u0131k sa\u011flam bir zemindeydim. Ama narsizmle nas\u0131l ba\u015fa \u00e7\u0131k\u0131laca\u011f\u0131 h\u00e2l\u00e2 cevaplanmam\u0131\u015f bir soruydu. Arda dedi ki: &#8220;Erkeklerle u\u011fra\u015ft\u0131\u011f\u0131n\u0131 varsayal\u0131m, birini \u00f6rnek olarak se\u00e7 ve onu \u015fu koltu\u011fa ya da daha iyisi kanepeye oturt.&#8221; O role girmek bir nevi sabit bir yap\u0131n\u0131n i\u00e7ine s\u0131zmak gibiydi. M\u00fcmk\u00fcn oldu\u011funca \u00e7ok yer kapl\u0131yordum ve kendimi kanepeye g\u00fczelce yerle\u015ftirdim. G\u00fclmek istedim. G\u00f6steri\u015f yapmaya \u00e7al\u0131\u015ft\u0131m ama k\u00f6t\u00fc bir g\u00f6steriydi. Bu deneyim yeterli oldu ve Arda beni g\u00f6nderdi. Korkum ge\u00e7tikten sonra\u00a0 gruba girdim. Hayretler i\u00e7inde kald\u0131m, narsistim de\u011fi\u015fmi\u015fti. Sanki o da benim de\u011fi\u015fimimi hissetmi\u015fti. Hatta k\u0131r\u0131lgan biri oldu\u011fu ortaya \u00e7\u0131kt\u0131 ve di\u011ferleri onu \u00f6yle kabul ettiler -ama art\u0131k k\u00f6r\u00fc k\u00f6r\u00fcne takip\u00e7iler de\u011fillerdi.<\/p>\n<p>\u00d6mer \u015funlar\u0131 s\u00f6yledi: &#8220;Bir grubu manip\u00fcle eden kad\u0131nlar tan\u0131yordum ama onlar\u0131n ba\u015fka y\u00f6ntemleri vard\u0131. Bunu grup odas\u0131n\u0131n d\u0131\u015f\u0131nda yap\u0131yorlard\u0131, ben sadece bir \u015feylerin yolunda gitmedi\u011fine dair k\u00f6t\u00fc bir hisse sahiptim. Grup ortam\u0131n\u0131n enerjisini bo\u015faltmay\u0131 ve perde arkas\u0131nda kullanmay\u0131 ba\u015fard\u0131lar. Her \u015fey yava\u015f yava\u015f birle\u015fen k\u00fc\u00e7\u00fck alt gruplarla ba\u015flad\u0131. Hepsi kad\u0131nd\u0131, erkekler d\u0131\u015flanm\u0131\u015ft\u0131, her hal\u00fckarda \u00f6nemsiz bir az\u0131nl\u0131kt\u0131lar.\u00a0 \u00d6nde gelen fig\u00fcrler de\u011fi\u015fiyordu, bazen birle\u015fiyor, bazen de rakip oluyorlard\u0131. \u00a0Grupta tuhaf bir g\u00fcven vard\u0131 ama a\u00e7\u0131kl\u0131k yoktu. Grup oyunlar\u0131 yetersizdi, giri\u015fimler nadirdi. Herhangi bir \u00f6neriye &#8220;Ne olmu\u015f yani?&#8221; \u015feklinde cevap veriliyordu. Onlar i\u00e7in bu bir oyundu, benim i\u00e7inse ciddiydi. Bir oyunu ancak onunla oynamayarak, art\u0131k onun bir par\u00e7as\u0131 olmayarak durdurabilirsiniz. Ben de onlara do\u011frudan b\u0131rakt\u0131\u011f\u0131m\u0131 s\u00f6yledim. Sonra kalkt\u0131m ve ba\u015fka bir odaya ge\u00e7tim. Bu bir riskti ama i\u015fe yarad\u0131. Bir s\u00fcre sonra bir heyet geldi, devam etmemi rica ettiler. Oyunun sonu. Acele etmedim. Grup odas\u0131ndan y\u00fcksek sesler geliyordu. Beklemek ve yeniden yap\u0131lanma s\u00fcrecini zaman\u0131ndan \u00f6nce kesintiye u\u011fratmamak istedim. Heyet bir karar almadan ayr\u0131ld\u0131. Reddetmeye devam ettim. O zamana kadar, bu kez onlar\u0131n \u00a0\u201cliderlerinin\u201d de dahil oldu\u011fu ba\u015fka bir heyetin gelece\u011finden emindim. Biraz fikir al\u0131\u015fveri\u015fi yap\u0131ld\u0131 ve ard\u0131ndan bir s\u00f6z verildi. Bunun \u00fczerine herhangi bir yorum yapmadan gruba devam edildi. Mesele \u00e7\u00f6z\u00fcme kavu\u015fmu\u015ftu.<\/p>\n<p>Karizma ve aura terimleri bir lideri tan\u0131mlarken yayg\u0131n olarak kullan\u0131l\u0131r, ancak bunlar\u0131n anlam\u0131n\u0131 bilen pek az ki\u015fi var gibi g\u00f6r\u00fcn\u00fcyor. G\u00f6r\u00fcn\u00fc\u015f ve \u00e7ekicilik bilgiden \u00f6nce geliyor. Ger\u00e7ek ki\u015fisel g\u00fcc\u00fcn etkisi taklitlerinden ay\u0131rt edilemiyor. Parlayan her \u015fey alt\u0131n de\u011fildir, iyi bir Svarovsky kopyas\u0131 ger\u00e7ek m\u00fccevher de\u011fildir. Ne yaz\u0131k ki par\u0131lt\u0131y\u0131 ger\u00e7ek sanacak kadar bir haz\u0131rc\u0131l\u0131k var, k\u00f6rler biraz\u0131n\u0131 payla\u015fmay\u0131 umuyor. Ben onlara &#8220;g\u00fcne\u015fe tapan zavall\u0131lar&#8221; diyorum. K\u0131\u015ftan sonra g\u00fcne\u015fe a\u00e7 turistler. G\u00fcne\u015f yan\u0131\u011f\u0131 riskini bile sevin\u00e7le g\u00f6ze al\u0131yorlar.&#8221;<\/p>\n<p>Lale \u00d6mer&#8217;e soruyor: &#8220;Sence bir psikodrama liderinin ger\u00e7ek g\u00fcc\u00fc nedir, yani ki\u015fisel g\u00fcc\u00fc?&#8221;<\/p>\n<p>\u00d6mer: &#8220;Her \u015feyden \u00f6nce enerjiye ihtiya\u00e7 var, harekete ge\u00e7me yetene\u011fine. Ben spontanl\u0131\u011f\u0131 yarat\u0131c\u0131l\u0131k i\u00e7in gerekli olan i\u00e7sel enerjinin bir formu olarak anl\u0131yorum. Bunun i\u00e7in benim imaj\u0131m: suyun yery\u00fcz\u00fcne \u00e7\u0131kmas\u0131n\u0131 sa\u011flayan kaynak.\u201d<\/p>\n<p>Lale: &#8220;Tabii ki daha sonra ba\u015fka nitelikler de geliyor. Belli bir miktar \u00f6zerklik cesaret ve g\u00fcven sa\u011fl\u0131yor. Kendine g\u00fcvenirsin, ne saklan\u0131r ne de g\u00f6steri\u015f yapars\u0131n, sadece oldu\u011fun ki\u015fi olursun. Bu ayn\u0131 zamanda hata yapt\u0131\u011f\u0131nda bunu kabul edebilmen ve \u00f6\u011frenebilmen anlam\u0131na gelir.&#8221;<\/p>\n<p>\u00d6mer: &#8220;Ve sempati ile empatiyi birbirinden ay\u0131rt edebilmeliyiz. &#8221;<\/p>\n<p>Lale ekliyor: &#8220;Hala bir \u00e7ocu\u011fun merak\u0131na sahip olmak ve oyun oynayabilmek iyi olurdu. Hayal kurmak.&#8221;<\/p>\n<p>\u00d6mer: &#8220;B\u00fct\u00fcn bunlar tabii ki fark\u0131ndal\u0131k gerektiriyor.&#8221;<\/p>\n<p>Lale: &#8220;Bu \u00e7ok a\u00e7\u0131k. Ben bunu d\u00fc\u015f\u00fcnmedim bile, kan\u0131ksad\u0131m.&#8221;<\/p>\n<p>\u00d6mer i\u00e7 \u00e7eker: &#8220;B\u00fct\u00fcn bunlar\u0131 ba\u015farmak, deneyimleyerek \u00f6\u011frenmek ve devam etme iradesine sahip olmak hi\u00e7 bitmeyen bir \u00e7aba gerektirir.&#8221;<\/p>\n<p>Lale bir s\u00fcre sonra sessizce \u015f\u00f6yle der: &#8220;Memnun olmal\u0131y\u0131z. Birlikte \u00e7al\u0131\u015fma \u015feklimiz iyi bir grup liderli\u011fine yakla\u015f\u0131yor, bu \u015fekilde devam edelim.&#8221;[\/vc_column_text][vc_empty_space height=&#8221;40px&#8221;][\/vc_column][\/vc_row]\n<\/section>","protected":false},"excerpt":{"rendered":"<p>[vc_row][vc_column][vc_empty_space height=&#8221;50px&#8221;][vc_column_text]\u00a0 \u00a0 \u00a0 \u00a0 \u00a0 \u00a0 \u00a0 \u00a0 \u00a0 \u00a0 \u00a0 \u00a0 \u00a0 \u00a0 \u00a0 \u00a0 \u00a0 \u00a0 \u00a0 \u00a0 \u00a0 \u00a0 \u00a0 \u00a0 \u00a0 \u00a0 \u00a0 \u00a0 \u00a0 \u00a0 \u00a0 \u00a0 \u00a0 \u00a0 \u00a0 \u00a0 \u00a0 \u00a0 \u00a0 \u00a0 \u00a0 \u00a0 \u00a0 \u00a0 \u00a0 \u00a0 \u00a0 \u00a0 \u00a0 \u00a0 \u00a0 \u00a0 \u00a0 \u00a0 [&hellip;]<\/p>\n","protected":false},"author":1,"featured_media":0,"parent":0,"menu_order":0,"comment_status":"closed","ping_status":"closed","template":"","meta":{"footnotes":""},"class_list":["post-1629","page","type-page","status-publish","hentry"],"_links":{"self":[{"href":"https:\/\/psikodramamerkezi.com\/index.php\/wp-json\/wp\/v2\/pages\/1629","targetHints":{"allow":["GET"]}}],"collection":[{"href":"https:\/\/psikodramamerkezi.com\/index.php\/wp-json\/wp\/v2\/pages"}],"about":[{"href":"https:\/\/psikodramamerkezi.com\/index.php\/wp-json\/wp\/v2\/types\/page"}],"author":[{"embeddable":true,"href":"https:\/\/psikodramamerkezi.com\/index.php\/wp-json\/wp\/v2\/users\/1"}],"replies":[{"embeddable":true,"href":"https:\/\/psikodramamerkezi.com\/index.php\/wp-json\/wp\/v2\/comments?post=1629"}],"version-history":[{"count":2,"href":"https:\/\/psikodramamerkezi.com\/index.php\/wp-json\/wp\/v2\/pages\/1629\/revisions"}],"predecessor-version":[{"id":1631,"href":"https:\/\/psikodramamerkezi.com\/index.php\/wp-json\/wp\/v2\/pages\/1629\/revisions\/1631"}],"wp:attachment":[{"href":"https:\/\/psikodramamerkezi.com\/index.php\/wp-json\/wp\/v2\/media?parent=1629"}],"curies":[{"name":"wp","href":"https:\/\/api.w.org\/{rel}","templated":true}]}}