{"id":1572,"date":"2024-02-20T11:12:26","date_gmt":"2024-02-20T11:12:26","guid":{"rendered":"https:\/\/psikodramamerkezi.com\/?page_id=1572"},"modified":"2025-01-27T09:15:14","modified_gmt":"2025-01-27T09:15:14","slug":"haiku-atolyesi","status":"publish","type":"page","link":"https:\/\/psikodramamerkezi.com\/index.php\/haiku-atolyesi\/","title":{"rendered":"Haiku At\u00f6lyesi"},"content":{"rendered":"<section class=\"wpb-content-wrapper\">[vc_row][vc_column][vc_column_text]\n<h5>Bir haiku spontane ve yarat\u0131c\u0131d\u0131r.<\/h5>\n<h5>K\u0131sacas\u0131, yazar i\u00e7in yo\u011fun ve anlaml\u0131 bir an\u0131n deneyimini yakalar ve bunu \u00fc\u00e7 sat\u0131rda okuyucuyla payla\u015fmay\u0131 ama\u00e7lar. Ger\u00e7ekli\u011fin samimi bir anl\u0131k g\u00f6r\u00fcnt\u00fcs\u00fcd\u00fcr. Duyular\u0131n alg\u0131lad\u0131\u011f\u0131 her \u015fey, farkl\u0131 seviyelerdeki kelimeler arac\u0131l\u0131\u011f\u0131yla an\u0131nda duygusal bir tepkiye yol a\u00e7ar. \u015eiirin k\u0131sal\u0131\u011f\u0131 g\u00fc\u00e7l\u00fc bir de\u011ferdir. Temel bir tasar\u0131m gerektirir. Kelime say\u0131s\u0131n\u0131 azaltmak bir haikuyu daha da iyi hale getirir, her kelimenin anlam\u0131 alan ve karma\u015f\u0131kl\u0131k kazan\u0131r, her kelimenin bir rezonans\u0131 vard\u0131r.<\/h5>\n<h5>Olaylar \u00f6nemsiz ve s\u0131radand\u0131r. Ancak bir eskiz ya da foto\u011frafta oldu\u011fu gibi yo\u011funla\u015ft\u0131klar\u0131nda, \u00f6n plan ve arka plan birbirine s\u0131k\u0131 s\u0131k\u0131ya ba\u011fland\u0131\u011f\u0131nda, yazar\u0131n ve okuyucunun bilinci benzer bir anlay\u0131\u015fa ula\u015ft\u0131\u011f\u0131nda, ger\u00e7ekten dramatik hale gelirler. Bu nedenle onlar\u0131 birka\u00e7 kez okumak gerekir.<\/h5>\n<h5>Haiku yazmak \u00f6\u011frenilebilir. G\u00fcnl\u00fck ya\u015fam\u0131m\u0131z\u0131 genellikle \u00e7ok az fark\u0131ndal\u0131kla ve k\u00f6relmi\u015f duyularla s\u00fcrd\u00fcr\u00fcr\u00fcz. Ancak aniden uyan\u0131p k\u00fc\u00e7\u00fck bir ayr\u0131nt\u0131y\u0131 takdir etti\u011fimizde ve ona anlam y\u00fckledi\u011fimizde, haiku \u00fcretmeye yakla\u015fm\u0131\u015f\u0131z demektir.<\/h5>\n<h5>Olaylar \u00f6nemsiz ve s\u0131radand\u0131r. Ancak odaklan\u0131ld\u0131\u011f\u0131nda, \u00f6n plan ve arka plan karma\u015f\u0131k bir \u015fekilde ili\u015fkilendirildi\u011finde, yazar ve okuyucunun fark\u0131ndal\u0131\u011f\u0131 benzer bir seviyeye ula\u015ft\u0131\u011f\u0131nda ger\u00e7ekten dramatik hale gelirler. Bu nedenle birka\u00e7 kez okumak gerekir.<\/h5>\n<h5>Haiku yazmak \u00f6\u011frenilebilir. Genellikle g\u00fcnl\u00fck hayat\u0131m\u0131z\u0131 \u00e7ok az fark\u0131ndal\u0131k ve k\u00f6relmi\u015f duyularla s\u00fcrd\u00fcr\u00fcr\u00fcz. Ancak aniden uyan\u0131r ve k\u00fc\u00e7\u00fck bir ayr\u0131nt\u0131y\u0131 takdir eder ve \u00f6nem verirsek Haiku \u00fcretimine yakla\u015fm\u0131\u015f oluruz.<\/h5>\n<h5>\u0130lk y\u00fcz Haiku&#8217;yu yazd\u0131ktan sonra insan bunun kokusunu al\u0131r. Bir y\u00fcz tane daha yaz\u0131nca, insan daha fazlas\u0131 i\u00e7in i\u015ftahlan\u0131r. \u00dc\u00e7 y\u00fcz\u00fc ge\u00e7ince al\u0131\u015fkanl\u0131k haline gelir. Ve bu arada hayat daha zengin ve daha anlaml\u0131 hale gelir. Yazmaya devam edin.<\/h5>\n[\/vc_column_text][vc_empty_space height=&#8221;45px&#8221;][\/vc_column][\/vc_row][vc_row][vc_column][vc_cta h2=&#8221;&#8221; color=&#8221;white&#8221;]\n<h3 style=\"text-align: center;\"><em>&#8221;\u015eiir, zihnin daha verimli \u00e7al\u0131\u015fmas\u0131n\u0131 ve hayal g\u00fcc\u00fcn\u00fcn g\u00fc\u00e7lenmesini sa\u011flar. Aralar\u0131nda do\u011frudan ili\u015fki yomu\u015f gibi g\u00f6r\u00fclen olaylar\u0131n arka plan\u0131ndaki ba\u011flant\u0131lar\u0131 fark etmemizi sa\u011flar.&#8221;<\/em><\/h3>\n<h3><em>\u00a0 \u00a0 \u00a0 \u00a0 \u00a0 \u00a0 \u00a0 \u00a0 \u00a0 \u00a0 \u00a0 \u00a0 \u00a0 \u00a0 \u00a0 \u00a0 \u00a0 \u00a0 \u00a0 \u00a0 \u00a0 \u00a0 \u00a0 \u00a0 \u00a0 \u00a0 \u00a0 \u00a0 \u00a0 \u00a0 \u00a0 \u00a0 \u00a0 \u00a0 \u00a0 \u00a0 \u00a0 \u00a0 \u00a0 \u00a0 \u00a0 \u00a0 \u00a0 \u00a0 \u00a0 \u00a0 \u00a0 \u00a0 \u00a0 \u00a0 \u00a0 \u00a0 \u00a0 \u00a0 \u00a0 \u00a0 \u00a0 \u00a0 \u00a0 \u00a0 \u00a0 \u00a0 \u00a0 \u00a0 \u00a0 \u00a0 \u00a0 \u00a0 \u00a0 \u00a0 \u00a0 \u00a0 \u00a0 \u00a0 \u00a0 \u00a0 \u00a0 \u00a0 \u00a0 \u00a0 \u00a0 \u00a0 \u00a0 \u00a0 \u00a0 \u00a0 \u00a0 \u00a0 \u00a0 \u00a0 \u00a0 \u00a0 \u00a0 \u00a0 \u00a0 \u00a0 \u00a0 \u00a0 \u00a0 \u00a0 \u00a0 \u00a0 \u00a0 \u00a0 \u00a0 \u00a0 \u00a0 \u00a0 \u00a0 \u00a0 \u00a0 \u00a0 \u00a0 \u00a0 \u00a0 \u00a0 \u00a0 \u00a0 \u00a0 \u00a0 \u00a0 \u00a0 \u00a0 \u00a0 \u00a0 \u00a0 \u00a0 \u00a0 \u00a0 \u00a0 \u00a0 \u00a0 \u00a0 \u00a0 \u00a0 \u00a0 \u00a0 \u00a0 \u00a0 \u00a0 \u00a0 \u00a0 \u00a0 \u00a0 \u00a0 \u00a0 \u00a0 \u00a0 \u00a0 \u00a0 \u00a0 \u00a0 \u00a0 \u00a0 \u00a0 \u00a0 \u00a0 \u00a0 \u00a0 \u00a0 \u00a0 \u00a0 \u00a0 \u00a0 \u00a0 \u00a0 \u00a0 \u00a0 ALTAY \u00d6KTEM<\/em><\/h3>\n<p>&nbsp;<\/p>\n<p>&nbsp;<\/p>\n<h4 style=\"text-align: center;\"><\/h4>\n<p>&nbsp;<\/p>\n[\/vc_cta][\/vc_column][\/vc_row][vc_row][vc_column][vc_cta h2=&#8221;&#8221; shape=&#8221;square&#8221; color=&#8221;white&#8221;]\n<h3 style=\"text-align: center;\"><em>&#8220;Duygular\u0131 sanat bi\u00e7iminde ifade etmenin tek yolu &#8216;nesnel bir ba\u011f\u0131nt\u0131&#8217;, ba\u015fka bir deyi\u015fle bir dizi nesne bulmak, bir durum, bir olaylar zinciri, bu durumun form\u00fcl\u00fc olacakt\u0131r. Belirli bir duygu; \u00f6yle ki,\u00a0 d\u0131\u015fsal ger\u00e7ekler, ki bunlar duyusal deneyimde sonland\u0131r\u0131l\u0131r, verilir, duygu hemen \u00e7a\u011fr\u0131l\u0131r.&#8221;<\/em><\/h3>\n<h3><em>\u00a0 \u00a0 \u00a0 \u00a0 \u00a0 \u00a0 \u00a0 \u00a0 \u00a0 \u00a0 \u00a0 \u00a0 \u00a0 \u00a0 \u00a0 \u00a0 \u00a0 \u00a0 \u00a0 \u00a0 \u00a0 \u00a0 \u00a0 \u00a0 \u00a0 \u00a0 \u00a0 \u00a0 \u00a0 \u00a0 \u00a0 \u00a0 \u00a0 \u00a0 \u00a0 \u00a0 \u00a0 \u00a0 \u00a0 \u00a0 \u00a0 \u00a0 \u00a0 \u00a0 \u00a0 \u00a0 \u00a0 \u00a0 \u00a0 \u00a0 \u00a0 \u00a0 \u00a0 \u00a0 \u00a0 \u00a0 \u00a0 \u00a0 \u00a0 \u00a0 \u00a0 \u00a0 \u00a0 \u00a0 \u00a0 \u00a0 \u00a0 \u00a0 \u00a0 \u00a0 \u00a0 \u00a0 \u00a0 \u00a0 \u00a0 \u00a0 \u00a0 \u00a0 \u00a0 \u00a0 \u00a0 \u00a0 \u00a0 \u00a0 \u00a0 \u00a0 \u00a0 \u00a0 \u00a0 \u00a0 \u00a0 \u00a0 \u00a0 \u00a0 \u00a0 \u00a0 \u00a0 \u00a0 \u00a0 \u00a0 \u00a0 \u00a0 \u00a0 \u00a0 \u00a0 \u00a0 \u00a0 \u00a0 \u00a0 \u00a0 \u00a0 \u00a0 \u00a0 \u00a0 \u00a0 \u00a0 \u00a0 \u00a0 \u00a0 \u00a0 \u00a0 \u00a0 \u00a0 \u00a0 \u00a0 \u00a0 \u00a0 \u00a0 \u00a0 \u00a0 \u00a0 \u00a0 \u00a0 \u00a0 \u00a0 \u00a0 \u00a0 \u00a0 \u00a0 \u00a0 \u00a0 \u00a0 \u00a0 \u00a0 \u00a0 \u00a0 \u00a0 \u00a0 \u00a0 \u00a0 \u00a0 \u00a0 \u00a0 \u00a0 \u00a0 \u00a0 \u00a0 \u00a0 \u00a0 \u00a0 \u00a0 \u00a0 \u00a0 \u00a0 \u00a0 \u00a0 \u00a0 \u00a0 T.S.ELIOT<\/em><\/h3>\n<p>&nbsp;<\/p>\n<p>&nbsp;<\/p>\n<h4 style=\"text-align: center;\"><\/h4>\n<p>&nbsp;<\/p>\n[\/vc_cta][\/vc_column][\/vc_row][vc_row][vc_column][vc_column_text]\n<p style=\"text-align: center;\"><em><strong>HA\u0130KU &#8211; Rastgele D\u00fc\u015f\u00fcnceler<\/strong><\/em><\/p>\n<p style=\"text-align: center;\">Tan\u0131mlam\u0131yor, ba\u011flam okuyucuya a\u00e7\u0131k b\u0131rak\u0131l\u0131yor.<\/p>\n<p style=\"text-align: center;\">Yazar ve okuyucu aras\u0131nda tamamlay\u0131c\u0131 bir i\u015f birli\u011fi oluyor.<\/p>\n<p style=\"text-align: center;\">Haiku oldu\u011fu gibi ger\u00e7eklikle ilgilidir. O an\u0131 kaydeder ve sabitler.<\/p>\n<p style=\"text-align: center;\">Koku, tat, ses, dokunma ve g\u00f6rme duyular\u0131m\u0131z arac\u0131l\u0131\u011f\u0131yla anl\u0131k olan\u0131 se\u00e7me ve dikkati nesneye verme.<\/p>\n<p style=\"text-align: center;\">De\u011ferler : Sadelik \u2013 Al\u00e7ak g\u00f6n\u00fcll\u00fcl\u00fck \u2013 Basitlik<\/p>\n<p style=\"text-align: center;\">\u0130ki farkl\u0131 alg\u0131y\u0131 ba\u011flayabilir.<\/p>\n<p style=\"text-align: center;\">G\u00f6zlemci ve nesne aras\u0131nda yakalanan samimi uyum, nesneyi yarg\u0131lamadan ifade verme.<\/p>\n<p style=\"text-align: center;\">Haiku\u2019da her \u015fey \u00f6nemli<\/p>\n<p style=\"text-align: center;\">Temas halinde olmak, sempati duymak ama tarafs\u0131z olmak<\/p>\n<p style=\"text-align: center;\">Zaman ve mekana az ba\u011flanmak<\/p>\n<p style=\"text-align: center;\">Haiku\u2019da \u00a0&#8220;akl\u0131 ba\u015f\u0131na gelmek&#8221; her \u015feyi oldu\u011fu gibi g\u00f6rmek ve ger\u00e7ekli\u011fi oldu\u011fu gibi fark etmek anlam\u0131na gelir. Bir \u015feyi ne kadar net g\u00f6r\u00fcrsek, her \u015feyin birbiriyle ili\u015fkisini g\u00f6r\u00fcr\u00fcz.<\/p>\n[\/vc_column_text][vc_empty_space height=&#8221;45px&#8221;][\/vc_column][\/vc_row]\n<\/section>","protected":false},"excerpt":{"rendered":"<p>[vc_row][vc_column][vc_column_text] Bir haiku spontane ve yarat\u0131c\u0131d\u0131r. K\u0131sacas\u0131, yazar i\u00e7in yo\u011fun ve anlaml\u0131 bir an\u0131n deneyimini yakalar ve bunu \u00fc\u00e7 sat\u0131rda okuyucuyla payla\u015fmay\u0131 ama\u00e7lar. Ger\u00e7ekli\u011fin samimi bir anl\u0131k g\u00f6r\u00fcnt\u00fcs\u00fcd\u00fcr. Duyular\u0131n alg\u0131lad\u0131\u011f\u0131 her \u015fey, farkl\u0131 seviyelerdeki kelimeler arac\u0131l\u0131\u011f\u0131yla an\u0131nda duygusal bir tepkiye yol a\u00e7ar. \u015eiirin k\u0131sal\u0131\u011f\u0131 g\u00fc\u00e7l\u00fc bir de\u011ferdir. Temel bir tasar\u0131m gerektirir. Kelime say\u0131s\u0131n\u0131 azaltmak bir [&hellip;]<\/p>\n","protected":false},"author":1,"featured_media":0,"parent":0,"menu_order":0,"comment_status":"closed","ping_status":"closed","template":"","meta":{"footnotes":""},"class_list":["post-1572","page","type-page","status-publish","hentry"],"_links":{"self":[{"href":"https:\/\/psikodramamerkezi.com\/index.php\/wp-json\/wp\/v2\/pages\/1572","targetHints":{"allow":["GET"]}}],"collection":[{"href":"https:\/\/psikodramamerkezi.com\/index.php\/wp-json\/wp\/v2\/pages"}],"about":[{"href":"https:\/\/psikodramamerkezi.com\/index.php\/wp-json\/wp\/v2\/types\/page"}],"author":[{"embeddable":true,"href":"https:\/\/psikodramamerkezi.com\/index.php\/wp-json\/wp\/v2\/users\/1"}],"replies":[{"embeddable":true,"href":"https:\/\/psikodramamerkezi.com\/index.php\/wp-json\/wp\/v2\/comments?post=1572"}],"version-history":[{"count":8,"href":"https:\/\/psikodramamerkezi.com\/index.php\/wp-json\/wp\/v2\/pages\/1572\/revisions"}],"predecessor-version":[{"id":2573,"href":"https:\/\/psikodramamerkezi.com\/index.php\/wp-json\/wp\/v2\/pages\/1572\/revisions\/2573"}],"wp:attachment":[{"href":"https:\/\/psikodramamerkezi.com\/index.php\/wp-json\/wp\/v2\/media?parent=1572"}],"curies":[{"name":"wp","href":"https:\/\/api.w.org\/{rel}","templated":true}]}}