{"id":1459,"date":"2023-10-11T16:55:29","date_gmt":"2023-10-11T16:55:29","guid":{"rendered":"https:\/\/psikodramamerkezi.com\/?page_id=1459"},"modified":"2023-10-11T16:55:29","modified_gmt":"2023-10-11T16:55:29","slug":"durum-oldugu-gibi-burada-ve-simdi","status":"publish","type":"page","link":"https:\/\/psikodramamerkezi.com\/index.php\/durum-oldugu-gibi-burada-ve-simdi\/","title":{"rendered":"DURUM OLDU\u011eU G\u0130B\u0130; BURADA VE \u015e\u0130MD\u0130"},"content":{"rendered":"<section class=\"wpb-content-wrapper\">[vc_row][vc_column][vc_empty_space height=&#8221;50px&#8221;][vc_column_text]\n<h4 style=\"text-align: center;\"><strong>DURUM OLDU\u011eU G\u0130B\u0130; BURADA VE \u015e\u0130MD\u0130<\/strong><\/h4>\n<p>&nbsp;<\/p>\n<p>T\u00fcm psikodramatik \u00e7al\u0131\u015fmalarda ilk ve en \u00f6nemli soru \u015fudur: Durum nedir? Temelde ve s\u00fcrekli olarak mek\u00e2n, zaman ve insanlarla ili\u015fkiliyiz. M\u00fckemmel bir kamera ile donat\u0131lm\u0131\u015f bir uzay gemisinden mavi gezegenimizin d\u00f6nd\u00fc\u011f\u00fcn\u00fc g\u00f6rebiliriz. Yak\u0131nla\u015ft\u0131rma yoluyla k\u0131talar\u0131 ay\u0131rt edebiliriz. Bir k\u0131taya yo\u011funla\u015ft\u0131\u011f\u0131m\u0131zda da\u011flar\u0131, nehirleri, b\u00fcy\u00fck \u015fehirleri alg\u0131layabiliriz. Bir \u015fehre odakland\u0131\u011f\u0131m\u0131zda havaalanlar\u0131n\u0131, caddeleri, fabrikalar\u0131 g\u00f6r\u00fcr\u00fcz. Daha da yak\u0131nla\u015ft\u0131rd\u0131\u011f\u0131m\u0131zda bir parkta \u00e7imenlerin \u00fczerinde oturmu\u015f bir \u00e7ocu\u011fu ok\u015fayan birini g\u00f6r\u00fcr\u00fcz. Anne g\u00fcl\u00fcms\u00fcyor. Son zoom: burnunda \u00e7iller var. Uzakla\u015ft\u0131rma, evrendeki uzay gemisine geri d\u00f6nmek anlam\u0131na gelir. Bu inan\u0131lmaz macera, son derece geli\u015fmi\u015f bir &#8220;g\u00f6z&#8221; sayesinde bize uzay\u0131n oranlar\u0131 hakk\u0131nda bir fikir verir. De\u011ferlerimizi yeniden g\u00f6zden ge\u00e7irmek ve biraz daha al\u00e7akg\u00f6n\u00fcll\u00fc olmak i\u00e7in bir neden.<\/p>\n<p>K\u00fc\u00e7\u00fck \u00f6l\u00e7ekte hepimiz yak\u0131nla\u015ft\u0131rma ve uzakla\u015ft\u0131rma yetene\u011fine sahibiz, sadece bunu fark\u0131nda olmadan yap\u0131yoruz. Bunu bilin\u00e7li \u015fekilde kulland\u0131\u011f\u0131m\u0131zda ve her zaman en geni\u015f g\u00f6r\u00fcn\u00fcmle ba\u015flama tavsiyesine uydu\u011fumuzda pratik ve kullan\u0131\u015fl\u0131d\u0131r. Yava\u015f\u00e7a yak\u0131nla\u015ft\u0131rmak, belirli bir ilgi alan\u0131na odaklanana kadar bak\u0131\u015f a\u00e7\u0131m\u0131z\u0131 kademeli olarak daraltmak anlam\u0131na gelir. Bu s\u00fcre\u00e7te, ilgilendi\u011fimiz nesneyle ilgili olarak \u00e7ok say\u0131da belirleyici se\u00e7im yap\u0131lmas\u0131 gerekir.<\/p>\n<p>\u00d6mer i\u00e7in grup odas\u0131n\u0131n se\u00e7imi \u00f6nemlidir \u00e7\u00fcnk\u00fc bu mekan her t\u00fcrl\u00fc hayali mekanla ba\u011flant\u0131l\u0131 olacakt\u0131r. Buras\u0131 grubun sahnesidir. Bir \u00e7\u00f6l, bir su alt\u0131 alan\u0131, bir park, bir denizalt\u0131, bir ah\u0131r ve daha neler neler olabilir. Bu nedenle geni\u015f odalar\u0131 tercih eder, m\u00fcmk\u00fcnse kare, iki kap\u0131, birka\u00e7 pencere, makul derecede y\u00fcksek bir tavan, hal\u0131 kapl\u0131 bir zemin, basit sandalyeler ve \u00e7ok miktarda yumu\u015fak ve sert minder, farkl\u0131 boyutlarda bir dizi basit karton kutu. Bu elveri\u015fli ko\u015fullar\u0131 pek bulamazd\u0131 ama Lale&#8217;nin grup odas\u0131 buna \u00e7ok yakla\u015fm\u0131\u015ft\u0131. Bah\u00e7eye a\u00e7\u0131lan kap\u0131 da cabas\u0131yd\u0131. Grup oyunlar\u0131nda ve sosyodramada t\u00fcm bunlar sahne i\u015flevi g\u00f6r\u00fcyordu. Cennet, bir k\u00f6\u015fesinde zebanilerin oldu\u011fu bir cehennem, mangall\u0131 bir piknik yeri, bir \u015f\u00f6len, bir hayvanat bah\u00e7esi ve benzerleri &#8211; esas olarak grup taraf\u0131ndan, grup i\u00e7in \u00f6nerildi ve yarat\u0131ld\u0131 ve t\u00fcm grupla birlikte canland\u0131r\u0131ld\u0131. \u00d6mer sadece izleyicidir. \u00c7ok nadiren oyunun i\u00e7inden liderlik etmek i\u00e7in k\u00fc\u00e7\u00fck bir rolde yer al\u0131r ve zihninin eylem taraf\u0131ndan tamamen ele ge\u00e7irilmemesine dikkat eder. Bu bir hata olur, bunun yerine etkile\u015fimler yoluyla ortaya \u00e7\u0131kan kar\u015f\u0131l\u0131kl\u0131 ili\u015fkilerle ilgilenir. Daha sonra bir alg\u0131 sosyogram\u0131 \u00e7izmesine yard\u0131mc\u0131 olacak bir bak\u0131\u015f a\u00e7\u0131s\u0131. Bunu daha sonra Lale ile tart\u0131\u015facak ve onun izlenimleriyle kar\u015f\u0131la\u015ft\u0131racakt\u0131r.<\/p>\n<p>Lale i\u00e7in sahne, grup odas\u0131 i\u00e7inde tan\u0131mlanm\u0131\u015f bir aland\u0131r ve b\u00f6ylece oyuncular\u0131 gruptan ay\u0131r\u0131r. Sahne bo\u015ftur, dekor yoktur. Burada bir ba\u015fka temel kural daha \u00f6nemlidir. Bu a\u015famada rehberlik eden, alan\u0131 en iyi bilen ve onu ihtiya\u00e7 duyulan ve anlaml\u0131 olan \u015feylerle dolduran, yak\u0131nla\u015ft\u0131ran ve uzakla\u015ft\u0131ran yaln\u0131zca protagonisttir. Sahnenin basit bir i\u00e7 mekan m\u0131 yoksa d\u0131\u015f mekan m\u0131, bir \u015fehirde mi yoksa bir k\u00f6yde mi, bir evin hangi odas\u0131nda, ne b\u00fcy\u00fckl\u00fckte olaca\u011f\u0131n\u0131 sadece protagonist se\u00e7er. Lale, bazen se\u00e7imler \u00e7ok h\u0131zl\u0131 oldu\u011funda ya da bir \u015feylerin eksik oldu\u011funu hissetti\u011finde bu s\u00fcreci yava\u015flat\u0131yor. O zaman bile sormaz, sadece basit ifadeler verir: &#8220;Acaba ya\u011fmur ya\u011facak m\u0131?&#8221;- &#8220;Bu ne koku&#8221;- &#8220;Duvarlar biraz bo\u015f g\u00f6r\u00fcn\u00fcyor&#8221; veya &#8220;Bu odan\u0131n olduk\u00e7a karanl\u0131k oldu\u011funu anlad\u0131m&#8221;. Sonra protagonist ya kabul edip de\u011fi\u015fiklik yapabilir ya da reddedip bir a\u00e7\u0131klama ekleyebilir. Lale merak etmesine izin verir \u00e7\u00fcnk\u00fc sonu\u00e7ta kendisi ve t\u00fcm grup cahildir ve net bir a\u00e7\u0131klamaya muhta\u00e7t\u0131r. Bu yava\u015flama yararl\u0131d\u0131r, \u00e7\u00fcnk\u00fc daha fazla kesinlik sayesinde protagonist sahnenin i\u00e7ine daha fazla girer. Lale teredd\u00fctleri ve se\u00e7im s\u0131ras\u0131n\u0131 elinden geldi\u011fince akl\u0131nda tutar. E\u015fyalar nas\u0131l kullan\u0131l\u0131yor, \u00f6zenle mi dikkatle mi, yumu\u015fak m\u0131 kabaca m\u0131, tercihler var m\u0131, \u00f6nemsememe ya da ihmal var m\u0131?\u00a0 Bu se\u00e7me ve yerle\u015ftirme i\u015flemlerinin \u00e7o\u011fu kendili\u011finden yap\u0131l\u0131r \u00e7\u00fcnk\u00fc zihin b\u00fcy\u00fck olas\u0131l\u0131kla daha sonra ger\u00e7ekle\u015fecek eylemle me\u015fguld\u00fcr.<\/p>\n<p>Se\u00e7ilen t\u00fcm aksesuarlar birbiriyle ili\u015fkilidir, bir ge\u00e7mi\u015fe sahiptir ve yerle\u015ftirilmeleri tesad\u00fcfi de\u011fildir. Lale ve grup, o mekandaki ki\u015filerin nas\u0131l bir ya\u015fam s\u00fcrd\u00fcklerine dair ilk bak\u0131\u015fta bir fikir edinirler, sadece di\u011ferleriyle de\u011fil, ayn\u0131 zamanda dekorlarla da ili\u015fkilidirler ve bu nedenle bunlar al\u0131\u015fkanl\u0131klar\u0131n, rit\u00fcellerin, \u00e7at\u0131\u015fmalar\u0131n ve zaman zaman direni\u015flerin sessiz tan\u0131klar\u0131d\u0131r. Sonu\u00e7 olarak ve sezgilerini takip ederek Lale, protagonistin bir lamba, bir sandalye, bir bitki, bir perde, bir foto\u011fraf ile rol de\u011fi\u015fimi yapmas\u0131n\u0131 isteyebilir.<\/p>\n<p>T\u00fcm aksesuarlar yerini bulduktan sonra ve herhangi bir ki\u015fi i\u00e7eri girmeden \u00f6nce, Lale yine eski ikilem olan al\u0131\u015f\u0131lagelmi\u015fte \u0131srar ve de\u011fi\u015fim arzusu olup olmayaca\u011f\u0131n\u0131 merak eder. Sandalyelerin ve masan\u0131n yerle\u015ftirilme \u015feklinden baz\u0131 i\u015faretler fark etti. T\u00fcm grup \u015fu anda tetikte ve sorunun nerede g\u00f6m\u00fcl\u00fc oldu\u011funun belli belirsiz fark\u0131nda. \u015eimdi bunu ortaya \u00e7\u0131karmak i\u00e7in ki\u015filere ihtiya\u00e7 var.<\/p>\n<p>&nbsp;<\/p>\n<p>Devam\u0131 Gelir&#8230;[\/vc_column_text][vc_empty_space height=&#8221;40px&#8221;][\/vc_column][\/vc_row]\n<\/section>","protected":false},"excerpt":{"rendered":"<p>[vc_row][vc_column][vc_empty_space height=&#8221;50px&#8221;][vc_column_text] DURUM OLDU\u011eU G\u0130B\u0130; BURADA VE \u015e\u0130MD\u0130 &nbsp; T\u00fcm psikodramatik \u00e7al\u0131\u015fmalarda ilk ve en \u00f6nemli soru \u015fudur: Durum nedir? Temelde ve s\u00fcrekli olarak mek\u00e2n, zaman ve insanlarla ili\u015fkiliyiz. M\u00fckemmel bir kamera ile donat\u0131lm\u0131\u015f bir uzay gemisinden mavi gezegenimizin d\u00f6nd\u00fc\u011f\u00fcn\u00fc g\u00f6rebiliriz. Yak\u0131nla\u015ft\u0131rma yoluyla k\u0131talar\u0131 ay\u0131rt edebiliriz. Bir k\u0131taya yo\u011funla\u015ft\u0131\u011f\u0131m\u0131zda da\u011flar\u0131, nehirleri, b\u00fcy\u00fck \u015fehirleri alg\u0131layabiliriz. Bir [&hellip;]<\/p>\n","protected":false},"author":1,"featured_media":0,"parent":0,"menu_order":0,"comment_status":"closed","ping_status":"closed","template":"","meta":{"footnotes":""},"class_list":["post-1459","page","type-page","status-publish","hentry"],"_links":{"self":[{"href":"https:\/\/psikodramamerkezi.com\/index.php\/wp-json\/wp\/v2\/pages\/1459","targetHints":{"allow":["GET"]}}],"collection":[{"href":"https:\/\/psikodramamerkezi.com\/index.php\/wp-json\/wp\/v2\/pages"}],"about":[{"href":"https:\/\/psikodramamerkezi.com\/index.php\/wp-json\/wp\/v2\/types\/page"}],"author":[{"embeddable":true,"href":"https:\/\/psikodramamerkezi.com\/index.php\/wp-json\/wp\/v2\/users\/1"}],"replies":[{"embeddable":true,"href":"https:\/\/psikodramamerkezi.com\/index.php\/wp-json\/wp\/v2\/comments?post=1459"}],"version-history":[{"count":1,"href":"https:\/\/psikodramamerkezi.com\/index.php\/wp-json\/wp\/v2\/pages\/1459\/revisions"}],"predecessor-version":[{"id":1460,"href":"https:\/\/psikodramamerkezi.com\/index.php\/wp-json\/wp\/v2\/pages\/1459\/revisions\/1460"}],"wp:attachment":[{"href":"https:\/\/psikodramamerkezi.com\/index.php\/wp-json\/wp\/v2\/media?parent=1459"}],"curies":[{"name":"wp","href":"https:\/\/api.w.org\/{rel}","templated":true}]}}