{"id":1443,"date":"2023-09-03T17:55:47","date_gmt":"2023-09-03T17:55:47","guid":{"rendered":"https:\/\/psikodramamerkezi.com\/?page_id=1443"},"modified":"2023-09-03T17:55:47","modified_gmt":"2023-09-03T17:55:47","slug":"degisim","status":"publish","type":"page","link":"https:\/\/psikodramamerkezi.com\/index.php\/degisim\/","title":{"rendered":"De\u011fi\u015fim"},"content":{"rendered":"<section class=\"wpb-content-wrapper\">[vc_row][vc_column][vc_empty_space height=&#8221;50px&#8221;][vc_column_text]<strong>\u00a0 \u00a0 \u00a0 \u00a0 \u00a0 \u00a0 \u00a0 \u00a0 \u00a0 \u00a0 \u00a0 \u00a0 \u00a0 \u00a0 \u00a0 \u00a0 \u00a0 \u00a0 \u00a0 \u00a0 \u00a0 \u00a0 \u00a0 \u00a0 \u00a0 \u00a0 \u00a0 \u00a0 \u00a0 \u00a0 \u00a0 \u00a0 \u00a0 \u00a0 \u00a0 \u00a0 \u00a0 \u00a0 \u00a0 \u00a0 \u00a0 \u00a0 \u00a0 \u00a0 \u00a0 \u00a0 \u00a0 \u00a0 \u00a0 \u00a0 \u00a0 \u00a0 \u00a0 \u00a0 \u00a0 \u00a0DE\u011e\u0130\u015e\u0130M<\/strong><\/p>\n<p>&nbsp;<\/p>\n<p>Protagonist i\u00e7indurum \u015fu anki haliyle tatmin edici de\u011fildir, ama en az\u0131ndan art\u0131k tan\u0131nmaktad\u0131r. \u015eimdi bu durumdan \u00e7\u0131k\u0131\u015f yollar\u0131n\u0131 bulmak gerekmektedir. Protoganistin ki\u015fisel d\u00fcnya g\u00f6r\u00fc\u015f\u00fcn\u00fc nesnel olarak ortaya koyup bunu bir model olarak alaca\u011f\u0131 an gelmi\u015ftir. Spontanl\u0131\u011fa yarat\u0131c\u0131l\u0131\u011f\u0131n da eklenmesi gerekmektedir. Protagonist, yeni bak\u0131\u015f a\u00e7\u0131s\u0131na dayanarak neyi?, nerede? ve nas\u0131l ? de\u011fi\u015ftirebilece\u011fini bulacakt\u0131r. Protagonistin de\u011ferlerinin ne oldu\u011fu sorusu ortaya \u00e7\u0131km\u0131\u015ft\u0131r. Protagonist buna kendi ba\u015f\u0131na yan\u0131t vermelidir. Kimse bu i\u015fi devralamaz. Protagonistin yapmas\u0131 gereken, durumunu de\u011fi\u015ftirmektir.\u00a0 \u00c7\u00fcnk\u00fc \u015fimdiye kadar benimsedi\u011fi de\u011ferlerinden vaz ge\u00e7mesi, de\u011ferler sistemini g\u00f6zden ge\u00e7irmesi ve bunlar\u0131 yeni duruma g\u00f6re de\u011fi\u015ftirmesi gerekecektir.<\/p>\n<p>Bir protagonist, ilk deneyiminden hemen sonra \u015f\u00f6yle demi\u015fti: \u201cBu, t\u00fcm a\u011fa\u00e7lar\u0131 g\u00f6r\u00fcp orman\u0131 g\u00f6rmedi\u011fim zaman.\u201d Minyat\u00fcr sahne orman\u0131 g\u00f6rmesini sa\u011flam\u0131\u015ft\u0131. \u00c7\u00fcnk\u00fc y\u00f6netici bo\u015f sahnede, orman\u0131n bir kopyas\u0131n\u0131 ger\u00e7ek boyutlar\u0131yla olu\u015fturmas\u0131n\u0131 istemi\u015fti. \u015eimdi tek tek a\u011fa\u00e7lar\u0131 bulan\u0131k, ama orman\u0131n b\u00fct\u00fcn\u00fcn\u00fc t\u00fcm geni\u015fli\u011fiyle ve a\u011fa\u00e7lar\u0131n t\u00fcm\u00fcn\u00fc bir bak\u0131\u015fta g\u00f6rebiliyordu.<\/p>\n<p>Bir ba\u015fka protagonist, g\u00fcnl\u00fck ya\u015fam\u0131nda bir \u00e7ember i\u00e7inde nefes nefese ko\u015fuyormu\u015f gibi hissediyordu. Durum b\u00f6yleydi. Yap\u0131lacak hi\u00e7bir \u015fey yoktu.\u00a0 Hapiste gibi hissediyordu. Her yeni g\u00fcn di\u011ferinin ayn\u0131s\u0131yd\u0131. Hareket yetene\u011fi son derece k\u0131s\u0131tl\u0131yd\u0131. K\u00fc\u00e7\u00fclm\u00fc\u015f g\u00fcnl\u00fck ya\u015fam\u0131na yukar\u0131dan bakt\u0131\u011f\u0131nda d\u00fcnyas\u0131n\u0131n hem i\u00e7ine hem de d\u0131\u015f\u0131na ait olan bak\u0131\u015f\u0131n\u0131 de\u011fi\u015ftirdi. Basit, g\u00f6steri\u015fsiz d\u00fcnyas\u0131n\u0131n d\u0131\u015f\u0131na \u00e7\u0131karak bakt\u0131\u011f\u0131nda \u015fimdiye kadar neyi d\u00fcnyas\u0131 olarak g\u00f6rd\u00fc\u011f\u00fcn\u00fcn\u00fcn fark\u0131na vard\u0131.<\/p>\n<p>Tek ba\u015f\u0131na tefekk\u00fcr, bazen olas\u0131 \u00e7\u00f6z\u00fcmler sunabilir. \u015eu anki durumun (sahnede) ortaya konmas\u0131ndan hemen sonra ki\u015fi durumun bir zamanlar nas\u0131l oldu\u011funu anlatmaya ba\u015flar. Bak\u0131\u015f a\u00e7\u0131s\u0131ndaki alana ait de\u011fi\u015fime \u015fimdi zaman \u00f6\u011fesi eklenir. Ge\u00e7mi\u015fe ait bak\u0131\u015f a\u00e7\u0131lar\u0131 an\u0131msan\u0131r ve g\u00fcncel durumla kar\u015f\u0131la\u015ft\u0131r\u0131l\u0131r. Protagonisti\u00e7in kendi hapishanesini \u00f6ren ipleri g\u00f6r\u00fcn\u00fcr hale gelir.<\/p>\n<p>Protagonist ilk \u00f6nce \u015fu temel soruyu yan\u0131tlar:<\/p>\n<p>\u201c\u015eu anki durumum ne? Kendi ge\u00e7mi\u015fine giderek ve ge\u00e7mi\u015fini bu g\u00fcn\u00fcyle ili\u015fkilendirerek ikinci sorunun yan\u0131t\u0131n\u0131 arar \u201cBu duruma nas\u0131l geldim?\u201d \u015eu anki durumu dikkatlice inceleyip de\u011ferlendirerek \u00fc\u00e7\u00fcnc\u00fc sorunun yan\u0131t\u0131 i\u00e7in ipu\u00e7lar\u0131n\u0131 bulur \u201cBu durumdan nas\u0131l \u00e7\u0131kar\u0131m?\u201d<\/p>\n<p>B\u00f6yle bir i\u00e7g\u00f6r\u00fcn\u00fcn ku\u015f bak\u0131\u015f\u0131 a\u00e7\u0131s\u0131yla ile m\u00fcmk\u00fcn oldu\u011fu unutmamam\u0131z gerekir. Ger\u00e7ek boyutlara geri d\u00f6n\u00fc\u015f protoganistitehlikeli bir \u015fekilde hemen ele ge\u00e7irebilir. Burada i\u015fi, k\u00fc\u00e7\u00fck sahnede \u00e7al\u0131\u015fmak \u00fczere, psikodrama devralmal\u0131d\u0131r. Minyat\u00fcr sahne, d\u0131\u015far\u0131dan bir bak\u0131\u015f a\u00e7\u0131s\u0131ylabu hapishaneye bir kap\u0131 a\u00e7mak i\u00e7in uygundur. Psikodrama bir g\u00fcn d\u0131\u015far\u0131ya a\u00e7\u0131lan kap\u0131y\u0131 bulmada hizmet edecektir.<\/p>\n<p>Devam\u0131 Gelir&#8230;[\/vc_column_text][\/vc_column][\/vc_row]\n<\/section>","protected":false},"excerpt":{"rendered":"<p>[vc_row][vc_column][vc_empty_space height=&#8221;50px&#8221;][vc_column_text]\u00a0 \u00a0 \u00a0 \u00a0 \u00a0 \u00a0 \u00a0 \u00a0 \u00a0 \u00a0 \u00a0 \u00a0 \u00a0 \u00a0 \u00a0 \u00a0 \u00a0 \u00a0 \u00a0 \u00a0 \u00a0 \u00a0 \u00a0 \u00a0 \u00a0 \u00a0 \u00a0 \u00a0 \u00a0 \u00a0 \u00a0 \u00a0 \u00a0 \u00a0 \u00a0 \u00a0 \u00a0 \u00a0 \u00a0 \u00a0 \u00a0 \u00a0 \u00a0 \u00a0 \u00a0 \u00a0 \u00a0 \u00a0 \u00a0 \u00a0 \u00a0 \u00a0 \u00a0 \u00a0 [&hellip;]<\/p>\n","protected":false},"author":1,"featured_media":0,"parent":0,"menu_order":0,"comment_status":"closed","ping_status":"closed","template":"","meta":{"footnotes":""},"class_list":["post-1443","page","type-page","status-publish","hentry"],"_links":{"self":[{"href":"https:\/\/psikodramamerkezi.com\/index.php\/wp-json\/wp\/v2\/pages\/1443","targetHints":{"allow":["GET"]}}],"collection":[{"href":"https:\/\/psikodramamerkezi.com\/index.php\/wp-json\/wp\/v2\/pages"}],"about":[{"href":"https:\/\/psikodramamerkezi.com\/index.php\/wp-json\/wp\/v2\/types\/page"}],"author":[{"embeddable":true,"href":"https:\/\/psikodramamerkezi.com\/index.php\/wp-json\/wp\/v2\/users\/1"}],"replies":[{"embeddable":true,"href":"https:\/\/psikodramamerkezi.com\/index.php\/wp-json\/wp\/v2\/comments?post=1443"}],"version-history":[{"count":2,"href":"https:\/\/psikodramamerkezi.com\/index.php\/wp-json\/wp\/v2\/pages\/1443\/revisions"}],"predecessor-version":[{"id":1445,"href":"https:\/\/psikodramamerkezi.com\/index.php\/wp-json\/wp\/v2\/pages\/1443\/revisions\/1445"}],"wp:attachment":[{"href":"https:\/\/psikodramamerkezi.com\/index.php\/wp-json\/wp\/v2\/media?parent=1443"}],"curies":[{"name":"wp","href":"https:\/\/api.w.org\/{rel}","templated":true}]}}