{"id":1263,"date":"2023-02-14T10:51:41","date_gmt":"2023-02-14T10:51:41","guid":{"rendered":"https:\/\/psikodramamerkezi.com\/?page_id=1263"},"modified":"2023-02-18T17:51:45","modified_gmt":"2023-02-18T17:51:45","slug":"kullanim-kosullari","status":"publish","type":"page","link":"https:\/\/psikodramamerkezi.com\/index.php\/kullanim-kosullari\/","title":{"rendered":"Kullan\u0131m Ko\u015fullar\u0131"},"content":{"rendered":"\n<p>Site Kullan\u0131m Ko\u015fullar\u0131 (Yasal Uyar\u0131)<\/p>\n\n\n\n<p>\u200bTemas Psikodrama Merkezi \u0130nternet Sitesine ho\u015f geldiniz. Bu b\u00f6l\u00fcm, Temas Psikodrama Merkezi \u0130nternet Sitesini&nbsp;<strong>(Site)<\/strong>&nbsp;ziyaret ve kullan\u0131m ko\u015fullar\u0131n\u0131 i\u00e7ermektedir.<\/p>\n\n\n\n<p>psikodramamerkezi.com&nbsp; web sitesi (\u201c\u015e\u0130RKET\u201d, \u201cbiz\u201d veya \u201cbize\u201d) \u201cTemas Psikodrama Merkezi Limited \u015eirketi\u201d taraf\u0131ndan i\u015fletilmektedir. Bu \u0130nternet Sitesinin herhangi bir sayfas\u0131na girilmesi halinde bu hizmet ko\u015fullar\u0131na ba\u011fl\u0131 olmay\u0131 ve siteyi bu hizmet ko\u015fullar\u0131na, Gizlilik Politikam\u0131za ve sitenin belirli b\u00f6l\u00fcmlerine veya Site \u00fczerinden veya \u015firketten temin edilebilen \u00fcr\u00fcn ve hizmetlere uygulayabilecek ek h\u00fck\u00fcm ve ko\u015fullara uygun olarak kullanmay\u0131 kabul etmi\u015f olursunuz.<\/p>\n\n\n\n<p><br>&nbsp;<strong>A. Siteye eri\u015fim ve Sitenin kullan\u0131m\u0131, a\u015fa\u011f\u0131daki esas ve \u015fartlara tabidir.<\/strong><\/p>\n\n\n\n<p>1. Bu Site ve sitede mevcut her \u015fey bize ba\u011fl\u0131 veya lisans sahiplerinin m\u00fclkiyetindedir ve telif hakk\u0131, ticari marka ve di\u011fer fikri m\u00fclkiyet yasalar\u0131 ile korunmaktad\u0131r. Bu \u0130nternet Sitesinde yer alan t\u00fcm eserler izin al\u0131nmaks\u0131z\u0131n de\u011fi\u015ftirilemez, \u00e7o\u011falt\u0131lamaz, yay\u0131nlanamaz, da\u011f\u0131t\u0131lamaz, umuma iletilemez, ba\u015fka bir dile \u00e7evrilemez.<\/p>\n\n\n\n<p>2. Siteyi kullanan ki\u015finin, Sitenin ilk defa kullan\u0131m an\u0131ndan itibaren ge\u00e7erlilik kazanan &#8220;Kullan\u0131m Ko\u015fullar\u0131&#8221; kabul edilmi\u015f say\u0131l\u0131r. Website sahibi, &#8220;Kullan\u0131m Ko\u015fullar\u0131n\u0131&#8221;, de\u011fi\u015fiklikleri \u00e7evrim i\u00e7i yay\u0131nlamak ko\u015fulu ile her an de\u011fi\u015ftirme hakk\u0131na sahiptir. \u00c7evirim i\u00e7i yay\u0131nlanan de\u011fi\u015fikliklerden zaman\u0131nda haberdar olmak i\u00e7in &#8220;Kullan\u0131m Ko\u015fullar\u0131n\u0131n&#8221; d\u00fczenli olarak takibi Site kullan\u0131c\u0131s\u0131n\u0131n sorumlulu\u011fundad\u0131r. Yap\u0131lan de\u011fi\u015fikliklerden sonra Siteyi kullanmaya devam eden ki\u015fi, &#8220;Kullan\u0131m Ko\u015fullar\u0131&#8221;ndaki de\u011fi\u015fiklikleri kabul etmi\u015f say\u0131lmaktad\u0131r.<\/p>\n\n\n\n<p>3. Site \u00fczerinden websitesi sahibine, internet gruplar\u0131na, sosyal medya ortamlar\u0131na veya ekibimizden herhangi birine e-posta, metin veya ba\u015fka yollarla herhangi bir materyal (s\u0131n\u0131rlama olmaks\u0131z\u0131n, yorum vb.) g\u00f6ndererek malzemenin sahibi oldu\u011funuzu veya malzemenin sahibinin a\u00e7\u0131k r\u0131zas\u0131 ile ilan\u0131n\u0131z\u0131 ya da yorumunuzu yapt\u0131\u011f\u0131n\u0131z\u0131 belirtmi\u015f oluyorsunuz. Ayr\u0131ca, herhangi bir yolla bize g\u00f6nderdi\u011finiz her t\u00fcr materyalde, bize ve bizim taraf\u0131m\u0131zdan yetkilendirilmi\u015f t\u00fcm ki\u015filere, telif hakk\u0131 olmadan, kal\u0131c\u0131, m\u00fcnhas\u0131r olmayan, k\u0131s\u0131tlanmam\u0131\u015f \u015fekilde kullanma lisans\u0131 vermi\u015f ve bu materyalin tamam\u0131n\u0131 veya bir k\u0131sm\u0131n\u0131, \u015fimdi bilinen ya da daha sonra geli\u015ftirilecek herhangi bir ama\u00e7 i\u00e7in k\u0131smen ya da tamamen de\u011fi\u015fiklik yapmak, \u00e7o\u011faltma, da\u011f\u0131tmak ve \/ veya alenen sergilemek vesaire t\u00fcrev i\u015fleri yapma amac\u0131yla ba\u011f\u0131\u015flam\u0131\u015f olursunuz. Ayr\u0131ca, websitesi sahibine ve taraf\u0131m\u0131zdan yetkilendirilmi\u015f olan herkese, sizi, uygun g\u00f6rd\u00fc\u011f\u00fc \u015fekilde ad\u0131n\u0131za, e-posta adresinize veya ekran ad\u0131n\u0131za g\u00f6re ilan veya g\u00f6nderilerinizin herhangi birinin yazar\u0131 olarak tan\u0131mlama hakk\u0131 verirsiniz.<\/p>\n\n\n\n<p>4. Sitenin 24 saat eri\u015filebilir olmas\u0131 i\u00e7in \u00e7al\u0131\u015f\u0131lmaktad\u0131r. Ancak de\u011fi\u015fik sebeplerle Sitenin eri\u015filebilir olmamas\u0131ndan websitesi sahibi sorumlu de\u011fildir.<\/p>\n\n\n\n<p>5. Bu Siteye eri\u015fim, herhangi bir duyuru yap\u0131lmaks\u0131z\u0131n ge\u00e7ici veya s\u00fcrekli olarak durdurulabilir.<\/p>\n\n\n\n<p>6. Site kullan\u0131c\u0131lar\u0131na sunulan bilgilerin do\u011fru olmas\u0131 i\u00e7in her t\u00fcrl\u00fc gayret g\u00f6sterilmekle beraber, bilgilerin do\u011frulu\u011fu konusunda, a\u00e7\u0131ktan veya ima yolu ile hi\u00e7bir garanti verilmemektedir. Yanl\u0131\u015f veya eksik bilgiden website sorumlu de\u011fildir.<\/p>\n\n\n\n<p>7. Site, \u00fc\u00e7\u00fcnc\u00fc ki\u015filer taraf\u0131ndan sunulan bilgiler de i\u00e7erebilir. \u00dc\u00e7\u00fcnc\u00fc ki\u015filer, bu Sitede yay\u0131nlanan materyallerin ulusal ve uluslararas\u0131 mevzuatla uyumlu olmas\u0131n\u0131 sa\u011flamak ile y\u00fck\u00fcml\u00fcd\u00fcrler. Bu materyalin do\u011frulu\u011funu website sahibi sorumluluk kabul etmeyece\u011fini a\u00e7\u0131k\u00e7a beyan eder.<\/p>\n\n\n\n<p>8. Website sahibi Sitenin kullan\u0131lmas\u0131, kullan\u0131lamamas\u0131, b\u00fcnyesinde sunulan bilgiler veya Siteye ba\u011fl\u0131 olarak yap\u0131lan eylemler veya al\u0131nan kararlar nedeniyle kullan\u0131m\u0131nda meydana gelen aksakl\u0131ktan, Sitenin i\u00e7erdi\u011fi materyalden, Sitenin kullan\u0131m\u0131ndan sonra al\u0131nan bir karar veya yap\u0131lan bir eylemden do\u011fan her t\u00fcrl\u00fc durumdan ya da zarardan sorumlu de\u011fildir.<\/p>\n\n\n\n<p>9. Website sahibi \u0130nternet Sitesinde yer alan linklerle ula\u015f\u0131lacak sitelerde sunulan bilgiler nedeniyle hi\u00e7bir sorumluluk kabul etmez. S\u00f6z konusu linkler (ba\u011flant\u0131lar), herhangi bir garanti verilmeksizin, kullan\u0131c\u0131ya kullan\u0131m kolayl\u0131\u011f\u0131 sa\u011flamak amac\u0131yla verilmi\u015ftir.<\/p>\n\n\n\n<p>10. \u015e\u0130RKET&#8217;in aleyhindeki \u00e7al\u0131\u015fanlar\u0131n\u0131 savunmay\u0131, ve burada belirtilen herhangi bir y\u00fck\u00fcml\u00fcl\u00fc\u011f\u00fc, garantiyi, beyan\u0131 veya s\u00f6zle\u015fmeyi ihlal etmenizden kaynaklanan veya bununla ilgili olarak yasal \u00fccretler ve masraflar dahil olmak \u00fczere t\u00fcm talepler, i\u015flem nedenleri, zararlar, bor\u00e7lar, maliyetler ve masraflar\u0131 tazmin etmeyi ve \u015firketi ma\u011fdur etmeyece\u011finizi kabul edersiniz.<\/p>\n\n\n\n<p>11. Bu Site, b\u00fclten panolar\u0131, web g\u00fcnl\u00fckleri, ve bize geri bildirim sa\u011flayan e-posta hizmetleri ve kullan\u0131c\u0131lar aras\u0131ndaki ger\u00e7ek zamanl\u0131 etkile\u015fim ve kullan\u0131c\u0131lar\u0131n ba\u015fkalar\u0131yla ileti\u015fim kurmas\u0131na izin veren di\u011fer \u00f6zellikler gibi \u00e7e\u015fitli \u00f6zellikleri i\u00e7erebilir. Sitedeki her t\u00fcrl\u00fc kamuya a\u00e7\u0131k ilan alanlar\u0131na g\u00f6nderilen veya Sitedeki herhangi bir e-posta servisi arac\u0131l\u0131\u011f\u0131yla g\u00f6nderilenlere ili\u015fkin sorumluluk, her kullan\u0131c\u0131ya aittir ve yaln\u0131zca yay\u0131nlad\u0131\u011f\u0131n\u0131z veya g\u00f6nderdi\u011finiz materyallerden sorumlusunuz. Ek olarak, herhangi bir sebeple, k\u0131smen veya tamamen, herhangi bir i\u00e7eri\u011fi herhangi bir nedenle de\u011fi\u015ftirme, d\u00fczenleme, kald\u0131rma, reddetme ve bu t\u00fcr materyalleri ve bunlar\u0131n iletimini \u00e7evreleyen ko\u015fullar\u0131; herhangi bir yasal s\u00fcre\u00e7 veya h\u00fck\u00fcmet iste\u011fini yerine getirmek i\u00e7in ve kendimizi, kullan\u0131c\u0131lar\u0131m\u0131z\u0131 ve ziyaret\u00e7ilerimizi memnun etmek amac\u0131yla \u00fc\u00e7\u00fcnc\u00fc taraflara if\u015fa etme hakk\u0131n\u0131 sakl\u0131 tutar\u0131z.<\/p>\n\n\n\n<p><strong>B. Bu Siteden yaz\u0131l\u0131 ve\/veya g\u00f6rsel nitelikte bilgi indirme ve bask\u0131 alma ve internet sitelerinde kullanma ancak a\u015fa\u011f\u0131daki ko\u015fullarla yap\u0131labilir:<\/strong><\/p>\n\n\n\n<p><strong>1. Ki\u015fisel kullan\u0131m;<\/strong><\/p>\n\n\n\n<p>1.1. \u0130nternet Sitesinde yer alan eserlerin kullan\u0131m\u0131 ki\u015fisel kullan\u0131m ve\/veya bilgi edinme amac\u0131 ile s\u0131n\u0131rl\u0131d\u0131r. Ancak bu kapsamda ger\u00e7ekle\u015ftirilen \u00e7o\u011faltma fiilleri hak sahibinin me\u015fru menfaatlerine hakl\u0131 bir sebep olmadan zarar veremez ya da&nbsp;eserden normal yararlanmaya ayk\u0131r\u0131 olamaz, ticari ama\u00e7la kullan\u0131lamaz.<\/p>\n\n\n\n<p>1.2. Sitedeki yaz\u0131l\u0131 veya g\u00f6rsel materyal hi\u00e7bir \u015fekilde de\u011fi\u015ftirilemez, telif hakk\u0131 ibareleri silinerek kullan\u0131lamaz.<\/p>\n\n\n\n<p>1.3. Sitede yer alan eserlerin b\u00fct\u00fcn\u00fc veya bir k\u0131sm\u0131 de\u011fi\u015ftirilerek veya ba\u015fka bir suretle di\u011fer bir internet sitesinde izinsiz olarak kullan\u0131lamaz.<\/p>\n\n\n\n<p>1.4. Bu \u0130nternet Sitesindeki veriler ticari olmayan, bilgi alma ama\u00e7l\u0131 ve ki\u015fisel kullan\u0131m i\u00e7in indirilebilir veya yazd\u0131r\u0131labilir.<br>1.5. Bu \u0130nternet Sitesindeki veriler herhangi bir ticari ama\u00e7 olmadan \u00fc\u00e7\u00fcnc\u00fc \u015fah\u0131slara onlar\u0131n ki\u015fisel bilgilendirilmeleri amac\u0131yla, i\u00e7eri\u011fin hangi kaynaktan sa\u011fland\u0131\u011f\u0131n\u0131 ve bu kay\u0131t ve \u015fartlar\u0131n onlara da uyguland\u0131\u011f\u0131n\u0131 ve bunlara uymak zorunda olduklar\u0131n\u0131 belirtmek \u015fart\u0131yla g\u00f6nderilebilir.<\/p>\n\n\n\n<p><br><strong>&nbsp;&nbsp;&nbsp;&nbsp;&nbsp;&nbsp;&nbsp;&nbsp;&nbsp; 2. Ki\u015fisel olmayan kullan\u0131m;<\/strong><\/p>\n\n\n\n<p>Bu Siteden yaz\u0131l\u0131 ve\/veya g\u00f6rsel nitelikte bilgi indirme ve bask\u0131 alma gibi \u00e7o\u011faltma yahut internet sitelerinde kullanma:<\/p>\n\n\n\n<p>Kullan\u0131lacak bilgiye ili\u015fkin izinler Temas Psikodrama Merkezi\u2019nden yaz\u0131l\u0131 olarak talep edilmelidir.<\/p>\n\n\n\n<p><strong>C. Sorumluluk Reddi<\/strong><\/p>\n\n\n\n<p>1. Website sahibi, bu Sitede yer alan bilgilerin tam ve do\u011fru oldu\u011funu veya sayfaya kesintisiz giri\u015f sa\u011flanaca\u011f\u0131n\u0131 garanti etmemektedir. \u0130\u015fbu Sitede yer alan beyanlar hukuken taahh\u00fct niteli\u011finde say\u0131lmamaktad\u0131r ve ba\u011flay\u0131c\u0131 de\u011fildir. Bu bilgilerle \u00fc\u00e7\u00fcnc\u00fc \u015fah\u0131slar\u0131n haklar\u0131n\u0131n ihlal edilmemesi; m\u00fclkiyet, sat\u0131labilirlik, belirli bir ama\u00e7 i\u00e7in uygunluk ve\/veya bilgisayar vir\u00fcs\u00fc bulunmamas\u0131na ili\u015fkin garantiler dahil, ancak bunlarla s\u0131n\u0131rl\u0131 kalmamak kayd\u0131yla, z\u0131mnen, a\u00e7\u0131k\u00e7a ya da yasal olarak hi\u00e7bir garanti vermemektedir.<\/p>\n\n\n\n<p>2. Bu internet Sitesinde yer alan bilgi, rapor, grafik ve benzeri her t\u00fcrl\u00fc elektronik dok\u00fcman, genel anlamda kamuoyunu bilgilendirmek amac\u0131yla haz\u0131rlanm\u0131\u015ft\u0131r. Internet Sitesinde yer alan bu elektronik dok\u00fcmanlar\u0131n do\u011frulu\u011fu; yaz\u0131m hatas\u0131, yaz\u0131l\u0131m hatas\u0131, aktar\u0131m hatas\u0131, sistemlerin bozulmas\u0131 veya sald\u0131r\u0131ya u\u011framas\u0131 gibi nedenlerden kaynaklanan hatalara kar\u015f\u0131 garanti edilmemektedir.<\/p>\n\n\n\n<p>3. Bu nedenle bu \u0130nternet Sitesinde yer alan elektronik dok\u00fcmanlardaki hatalardan, eksikliklerden ya da bu dok\u00fcmanlara dayan\u0131larak yap\u0131lan i\u015flemlerden do\u011facak, do\u011frudan veya dolayl\u0131, her t\u00fcrl\u00fc maddi\/manevi zararlar ve masraflardan&nbsp;website sahibi sorumlu tutulamaz.<\/p>\n\n\n\n<p>4. Bu \u0130nternet Sitesinin kullan\u0131m\u0131 s\u0131ras\u0131nda herhangi bir ar\u0131za, hata, eksiklik, kesinti, kusur veya nakilde gecikme, bilgisayar vir\u00fcs\u00fc veya hat veya sistem ar\u0131zas\u0131 sonucu do\u011frudan ya da dolayl\u0131 ortaya \u00e7\u0131kan zarar, ziyan ve masraflar da dahil, ancak bunlarla s\u0131n\u0131rl\u0131 olmamak \u00fczere hi\u00e7bir zarardan, website sahibi ve\/veya \u00e7al\u0131\u015fan\u0131, bu t\u00fcr bir zarar olas\u0131l\u0131\u011f\u0131ndan haberdar edilmi\u015f olsalar dahi, sorumlu olmazlar.<\/p>\n\n\n\n<p>5. Bu bilgiler do\u011frultusunda, website sahibi, bu Sitenin i\u00e7eri\u011finde yer alan bilgilerden ve g\u00f6rsel malzemeden kaynaklanabilecek hatalardan, maddi veya manevi zararlardan hi\u00e7bir \u015fekil ve surette sorumlu de\u011fildir.<\/p>\n\n\n\n<p>6. Sitede yer alan t\u00fcm bilgiler \u00f6nceden haber verilmeksizin de\u011fi\u015ftirilebilir. Website sahibi diledi\u011fi zaman, Sitenin herhangi bir b\u00f6l\u00fcm\u00fcn\u00fc iptal edebilir, de\u011fi\u015ftirebilir, haber vermeksizin Sitedeki baz\u0131 \u00f6zellikleri veya bilgileri veya Sitenin baz\u0131 b\u00f6l\u00fcmlerine eri\u015fimi s\u0131n\u0131rland\u0131rabilir.<\/p>\n\n\n\n<p>7. \u0130nternet Sitesinin vir\u00fcs \u00f6nlemleri al\u0131nm\u0131\u015f olmakla birlikte, bu konuda bir garanti verilmemektedir. Herhangi bir bilgi, belge, uygulama vb. indirmeden \u00f6nce vir\u00fcslerden korunma konusunda gerekli \u00f6nlemlerin al\u0131nmas\u0131 tavsiye edilir.<\/p>\n\n\n\n<p>8. Kullan\u0131m \u015fartlar\u0131yla ilgili ortaya \u00e7\u0131kabilecek ihtilaflarda, m\u00fcnhas\u0131ran T\u00fcrk Hukuku kapsam\u0131nda TC Mahkemeleri ve \u0130cra Daireleri yetkilidir.<\/p>\n","protected":false},"excerpt":{"rendered":"<p>Site Kullan\u0131m Ko\u015fullar\u0131 (Yasal Uyar\u0131) \u200bTemas Psikodrama Merkezi \u0130nternet Sitesine ho\u015f geldiniz. Bu b\u00f6l\u00fcm, Temas Psikodrama Merkezi \u0130nternet Sitesini&nbsp;(Site)&nbsp;ziyaret ve kullan\u0131m ko\u015fullar\u0131n\u0131 i\u00e7ermektedir. psikodramamerkezi.com&nbsp; web sitesi (\u201c\u015e\u0130RKET\u201d, \u201cbiz\u201d veya \u201cbize\u201d) \u201cTemas Psikodrama Merkezi Limited \u015eirketi\u201d taraf\u0131ndan i\u015fletilmektedir. Bu \u0130nternet Sitesinin herhangi bir sayfas\u0131na girilmesi halinde bu hizmet ko\u015fullar\u0131na ba\u011fl\u0131 olmay\u0131 ve siteyi bu hizmet ko\u015fullar\u0131na, [&hellip;]<\/p>\n","protected":false},"author":1,"featured_media":0,"parent":0,"menu_order":0,"comment_status":"closed","ping_status":"closed","template":"","meta":{"footnotes":""},"class_list":["post-1263","page","type-page","status-publish","hentry"],"_links":{"self":[{"href":"https:\/\/psikodramamerkezi.com\/index.php\/wp-json\/wp\/v2\/pages\/1263","targetHints":{"allow":["GET"]}}],"collection":[{"href":"https:\/\/psikodramamerkezi.com\/index.php\/wp-json\/wp\/v2\/pages"}],"about":[{"href":"https:\/\/psikodramamerkezi.com\/index.php\/wp-json\/wp\/v2\/types\/page"}],"author":[{"embeddable":true,"href":"https:\/\/psikodramamerkezi.com\/index.php\/wp-json\/wp\/v2\/users\/1"}],"replies":[{"embeddable":true,"href":"https:\/\/psikodramamerkezi.com\/index.php\/wp-json\/wp\/v2\/comments?post=1263"}],"version-history":[{"count":2,"href":"https:\/\/psikodramamerkezi.com\/index.php\/wp-json\/wp\/v2\/pages\/1263\/revisions"}],"predecessor-version":[{"id":1313,"href":"https:\/\/psikodramamerkezi.com\/index.php\/wp-json\/wp\/v2\/pages\/1263\/revisions\/1313"}],"wp:attachment":[{"href":"https:\/\/psikodramamerkezi.com\/index.php\/wp-json\/wp\/v2\/media?parent=1263"}],"curies":[{"name":"wp","href":"https:\/\/api.w.org\/{rel}","templated":true}]}}