{"id":119,"date":"2018-01-31T13:14:12","date_gmt":"2018-01-31T13:14:12","guid":{"rendered":"https:\/\/wplive.site\/wp\/md\/optima\/?page_id=119"},"modified":"2023-03-19T10:44:39","modified_gmt":"2023-03-19T10:44:39","slug":"bizkimiz","status":"publish","type":"page","link":"https:\/\/psikodramamerkezi.com\/index.php\/bizkimiz\/","title":{"rendered":"Biz Kimiz"},"content":{"rendered":"<section class=\"wpb-content-wrapper\">[vc_row css=&#8221;.vc_custom_1519114576947{padding-left: 30px !important;}&#8221;][vc_column width=&#8221;1\/2&#8243; el_class=&#8221;gt3_custom_shadow&#8221;][vc_single_image image=&#8221;1179&#8243; img_size=&#8221;large&#8221;][\/vc_column][vc_column width=&#8221;1\/2&#8243; css=&#8221;.vc_custom_1519114592014{padding-left: 30px !important;}&#8221;][vc_empty_space height=&#8221;6.2vh&#8221;][vc_empty_space height=&#8221;6.2vh&#8221;][vc_empty_space height=&#8221;1.8vh&#8221;][vc_custom_heading text=&#8221;Biz Temas Psikodrama Merkezi&#8217;yiz.&#8221; google_fonts=&#8221;font_family:Lato%3A100%2C100italic%2C300%2C300italic%2Cregular%2Citalic%2C700%2C700italic%2C900%2C900italic|font_style:300%20light%20regular%3A300%3Anormal&#8221;][vc_empty_space height=&#8221;2.1vh&#8221;][vc_separator color=&#8221;custom&#8221; align=&#8221;align_left&#8221; el_width=&#8221;75px&#8221; accent_color=&#8221;#d9e0e4&#8243;][vc_empty_space height=&#8221;3.5vh&#8221;][gt3_custom_text text_color=&#8221;#5c656d&#8221; font_size=&#8221;20&#8243; line_height=&#8221;165&#8243; use_theme_fonts=&#8221;&#8221; google_fonts_text=&#8221;font_family:Lato%3A100%2C100italic%2C300%2C300italic%2Cregular%2Citalic%2C700%2C700italic%2C900%2C900italic|font_style:400%20regular%3A400%3Anormal&#8221;]Moreno&#8217;nun miras\u0131n\u0131 canl\u0131 tutman\u0131n yan\u0131 s\u0131ra,<br \/>\nhayat\u0131m\u0131zdaki her zorlu durumda hizmet vermeye haz\u0131r\u0131z.[\/gt3_custom_text][vc_empty_space height=&#8221;3.1vh&#8221;][vc_empty_space height=&#8221;2vh&#8221;][\/vc_column][\/vc_row][vc_row full_width=&#8221;stretch_row&#8221;][vc_column][vc_empty_space height=&#8221;8.7vh&#8221;][\/vc_column][\/vc_row]\n<\/section>","protected":false},"excerpt":{"rendered":"<p>[vc_row css=&#8221;.vc_custom_1519114576947{padding-left: 30px !important;}&#8221;][vc_column width=&#8221;1\/2&#8243; el_class=&#8221;gt3_custom_shadow&#8221;][vc_single_image image=&#8221;1179&#8243; img_size=&#8221;large&#8221;][\/vc_column][vc_column width=&#8221;1\/2&#8243; css=&#8221;.vc_custom_1519114592014{padding-left: 30px !important;}&#8221;][vc_empty_space height=&#8221;6.2vh&#8221;][vc_empty_space height=&#8221;6.2vh&#8221;][vc_empty_space height=&#8221;1.8vh&#8221;][vc_custom_heading text=&#8221;Biz Temas Psikodrama Merkezi&#8217;yiz.&#8221; google_fonts=&#8221;font_family:Lato%3A100%2C100italic%2C300%2C300italic%2Cregular%2Citalic%2C700%2C700italic%2C900%2C900italic|font_style:300%20light%20regular%3A300%3Anormal&#8221;][vc_empty_space height=&#8221;2.1vh&#8221;][vc_separator color=&#8221;custom&#8221; align=&#8221;align_left&#8221; el_width=&#8221;75px&#8221; accent_color=&#8221;#d9e0e4&#8243;][vc_empty_space height=&#8221;3.5vh&#8221;][gt3_custom_text text_color=&#8221;#5c656d&#8221; font_size=&#8221;20&#8243; line_height=&#8221;165&#8243; use_theme_fonts=&#8221;&#8221; google_fonts_text=&#8221;font_family:Lato%3A100%2C100italic%2C300%2C300italic%2Cregular%2Citalic%2C700%2C700italic%2C900%2C900italic|font_style:400%20regular%3A400%3Anormal&#8221;]Moreno&#8217;nun miras\u0131n\u0131 canl\u0131 tutman\u0131n yan\u0131 s\u0131ra, hayat\u0131m\u0131zdaki her zorlu durumda hizmet vermeye haz\u0131r\u0131z.[\/gt3_custom_text][vc_empty_space height=&#8221;3.1vh&#8221;][vc_empty_space height=&#8221;2vh&#8221;][\/vc_column][\/vc_row][vc_row full_width=&#8221;stretch_row&#8221;][vc_column][vc_empty_space height=&#8221;8.7vh&#8221;][\/vc_column][\/vc_row]<\/p>\n","protected":false},"author":1,"featured_media":0,"parent":0,"menu_order":0,"comment_status":"closed","ping_status":"closed","template":"","meta":{"footnotes":""},"class_list":["post-119","page","type-page","status-publish","hentry"],"_links":{"self":[{"href":"https:\/\/psikodramamerkezi.com\/index.php\/wp-json\/wp\/v2\/pages\/119","targetHints":{"allow":["GET"]}}],"collection":[{"href":"https:\/\/psikodramamerkezi.com\/index.php\/wp-json\/wp\/v2\/pages"}],"about":[{"href":"https:\/\/psikodramamerkezi.com\/index.php\/wp-json\/wp\/v2\/types\/page"}],"author":[{"embeddable":true,"href":"https:\/\/psikodramamerkezi.com\/index.php\/wp-json\/wp\/v2\/users\/1"}],"replies":[{"embeddable":true,"href":"https:\/\/psikodramamerkezi.com\/index.php\/wp-json\/wp\/v2\/comments?post=119"}],"version-history":[{"count":11,"href":"https:\/\/psikodramamerkezi.com\/index.php\/wp-json\/wp\/v2\/pages\/119\/revisions"}],"predecessor-version":[{"id":1340,"href":"https:\/\/psikodramamerkezi.com\/index.php\/wp-json\/wp\/v2\/pages\/119\/revisions\/1340"}],"wp:attachment":[{"href":"https:\/\/psikodramamerkezi.com\/index.php\/wp-json\/wp\/v2\/media?parent=119"}],"curies":[{"name":"wp","href":"https:\/\/api.w.org\/{rel}","templated":true}]}}