{"id":1104,"date":"2022-12-28T11:45:59","date_gmt":"2022-12-28T11:45:59","guid":{"rendered":"https:\/\/psikodramamerkezi.com\/?page_id=1104"},"modified":"2023-05-13T19:24:37","modified_gmt":"2023-05-13T19:24:37","slug":"dunya-sahnesi-psikodrama-sahnesi-minyatur-sahne","status":"publish","type":"page","link":"https:\/\/psikodramamerkezi.com\/index.php\/dunya-sahnesi-psikodrama-sahnesi-minyatur-sahne\/","title":{"rendered":"D\u00fcnya\u00a0Sahnesi, Psikodrama Sahnesi, Minyat\u00fcr Sahne"},"content":{"rendered":"<section class=\"wpb-content-wrapper\">[vc_row][vc_column width=&#8221;1\/2&#8243;][vc_column_text]\n<figure class=\"wp-block-image size-large is-resized\"><img loading=\"lazy\" decoding=\"async\" class=\"wp-image-1108\" src=\"https:\/\/psikodramamerkezi.com\/wp-content\/uploads\/2022\/12\/THE_GLOBE_FINAL_rt_uczloq-1024x755.webp\" alt=\"\" width=\"584\" height=\"430\" srcset=\"https:\/\/psikodramamerkezi.com\/wp-content\/uploads\/2022\/12\/THE_GLOBE_FINAL_rt_uczloq-1024x755.webp 1024w, https:\/\/psikodramamerkezi.com\/wp-content\/uploads\/2022\/12\/THE_GLOBE_FINAL_rt_uczloq-1000x738.webp 1000w, https:\/\/psikodramamerkezi.com\/wp-content\/uploads\/2022\/12\/THE_GLOBE_FINAL_rt_uczloq-300x221.webp 300w, https:\/\/psikodramamerkezi.com\/wp-content\/uploads\/2022\/12\/THE_GLOBE_FINAL_rt_uczloq-768x566.webp 768w, https:\/\/psikodramamerkezi.com\/wp-content\/uploads\/2022\/12\/THE_GLOBE_FINAL_rt_uczloq-1536x1133.webp 1536w, https:\/\/psikodramamerkezi.com\/wp-content\/uploads\/2022\/12\/THE_GLOBE_FINAL_rt_uczloq.webp 1920w\" sizes=\"auto, (max-width: 584px) 100vw, 584px\" \/><\/figure>\n<p><!-- \/wp:post-content -->[\/vc_column_text][\/vc_column][vc_column width=&#8221;1\/2&#8243;][vc_empty_space height=&#8221;80px&#8221;][vc_column_text]\n<p>&#8216;T\u00fcm d\u00fcnya bir sahne<\/p>\n<p>Ve t\u00fcm erkek ve kad\u0131nlar sadece oyuncular,<\/p>\n<p>Sahneye giriyorlar ve \u00e7\u0131k\u0131yorlar,<\/p>\n<p>Ve bu s\u00fcre i\u00e7inde bir adam pek \u00e7ok rol\u00fc oynuyor,&#8217;<\/p>\n<p>(Shakespeare, As You Like It, Perde II, Sahne 7 )<\/p>\n[\/vc_column_text][\/vc_column][\/vc_row][vc_row][vc_column][vc_empty_space height=&#8221;50px&#8221;][vc_column_text]\n<p>Sahneye ili\u015fkin bu metafor sahne y\u00f6neticisi olarak insan\u00fcst\u00fc, bilinmeyen, kader (tanr\u0131) gibi bir kavram\u0131 i\u00e7ermektedir. \u0130nsan ise sadece bu duruma katlanan bir kuklad\u0131r. Bu g\u00f6r\u00fc\u015f dan\u0131\u015fanlarca s\u0131kl\u0131kla dile getirilir. Kendilerini s\u0131k\u0131\u015ft\u0131r\u0131lm\u0131\u015f hissettiklerini ve hareket alanlar\u0131n\u0131n darald\u0131\u011f\u0131n\u0131 vurgularlar. Durumun t\u00fcm\u00fcne ili\u015fkin bak\u0131\u015f a\u00e7\u0131s\u0131n\u0131 yitirmi\u015flerdir. Art\u0131k hi\u00e7bir \u015feyi kendileri belirleyemiyor, \u00f6z kontrollerini kaybetmi\u015flerdir. Sadece, olaylar ba\u015flar\u0131na gelir. Durumu kavrayam\u0131yor ve kontrol alt\u0131na alamamaktad\u0131rlar. Belirsiz bir iktidar oyunu i\u00e7inde bir o yana bir bu yana savrulurlar. Ve g\u00f6r\u00fcnmez bir el iplerini ele alm\u0131\u015ft\u0131r. \u0130plerinin ba\u015fkalar\u0131n\u0131n elinde olmas\u0131 her t\u00fcrl\u00fc direnci bo\u015fa \u00e7\u0131kart\u0131r, \u00e7abalar\u0131 anlams\u0131z k\u0131lar.<\/p>\n<p>\u0130nsan\u0131n bu acizli\u011fi \u00e7ok ac\u0131, ama galiba bunu oldu\u011fu gibi kabullenmek gerekiyor. Bu problemle psikodramatik olarak \u00e7al\u0131\u015f\u0131ld\u0131\u011f\u0131nda dan\u0131\u015fan\u0131n ya\u015fam\u0131ndaki y\u00f6neticinin insan\u00fcst\u00fc bir varl\u0131k de\u011fil, aksine annesi, m\u00fcd\u00fcr\u00fc gibi ger\u00e7ek bir ki\u015fi oldu\u011fu ortaya \u00e7\u0131kar\u0131l\u0131r. Y\u00f6netmenin (anne, baba, patron&#8230;) ki\u015finin \u00fcstlenilmesi gereken rol\u00fc belirledi\u011fi ve bunun i\u00e7in kendi ki\u015fili\u011fini feda etmesini istedi\u011fi saptan\u0131r. Ger\u00e7ek d\u00fcnya sahnesinin dolulu\u011funa kar\u015f\u0131n, psikodrama sahnesi t\u00fcmden bo\u015ftur. Onun g\u00fcc\u00fc i\u015fte bu bo\u015fluktan kaynaklan\u0131r.<\/p>\n<p>\u201c <u>\u0130lk ara\u00e7 sahnenin kendisidir. Sahne hastay\u0131 (oyuncu) \u00e7ok geni\u015f boyutlu ve hareketli bir ya\u015fam sunar. Ayn\u0131 zamanda ufak d\u00fcnyan\u0131n yarat\u0131c\u0131s\u0131 ve idarecisi olarak konumland\u0131r\u0131r. Ger\u00e7ek ya\u015fam ortam\u0131 \u00e7ok kere dar ve daralt\u0131c\u0131d\u0131r. Psikodrama sahnesinde, dayan\u0131lmaz bask\u0131dan kurtulma veya kendini ifade edebilme ve deneyimleme \u00f6zg\u00fcrl\u00fc\u011f\u00fc sayesinde hasta tekrar kendini bulur. Sahne alan\u0131,ya\u015fam\u0131n ger\u00e7ek hayat\u0131n \u00e7ok \u00f6tesinde geni\u015f ve s\u0131n\u0131rs\u0131zd\u0131r. Buna ra\u011fmen, ger\u00e7ek ve fantezi birbirleriyle \u00e7eli\u015fki halinde de\u011fildir. Aksine bunlar, daha geni\u015f bir d\u00fcnyan\u0131n, nesne, insan ve olaylar\u0131n psikodramatik d\u00fcnyas\u0131n\u0131n i\u015flevleridir.\u201d(Moreno,S.77)<\/u><\/p>\n<p>Psikodrama sahnesinin \u00f6zel bir \u015fekli minyat\u00fcr sahnedir. Ger\u00e7ek d\u00fcnya sahnesi burada k\u00fc\u00e7\u00fck \u00f6l\u00e7eklerde temsil edilmektedir. Bunun arac\u0131l\u0131\u011f\u0131yla, biraz \u00f6nce kendisinin bir kukla oldu\u011fu hissine kap\u0131lan ki\u015fi, perspektif de\u011fi\u015ftirerek bu ufak d\u00fcnyan\u0131n yarat\u0131c\u0131s\u0131 ve idarecisi olmu\u015ftur. Onun ya\u015fam ortam\u0131 \u015fimdi bir masan\u0131n \u00fczerine s\u0131\u011fmaktad\u0131r. Kendisi ise hakiki boyutlarda, G\u00fcliver\u2019in c\u00fcceler kar\u015f\u0131s\u0131nda veya bir \u00e7ocu\u011fun kur\u015fun askerler \u00f6n\u00fcnde durdu\u011fu gibi durmaktad\u0131r. Rol\u00fc art\u0131k de\u011fi\u015fmi\u015f, g\u00fc\u00e7s\u00fcz iken g\u00fc\u00e7l\u00fc olmu\u015ftur.<\/p>\n<p>\u201cDo\u011fa her \u00e7ocu\u011fa mucizevi bir ila\u00e7 yazm\u0131\u015ft\u0131r &#8216;Megalomania Normalis&#8217;. \u0130nsan s\u00fcrekli kendi egosu ve kendi d\u00fcnyas\u0131na y\u00f6nelik ya\u015far. Ya\u015fad\u0131\u011f\u0131 s\u00fcrece insan hep \u00e7ocuk kal\u0131r. Megalomania \u00f6n\u00fcne ge\u00e7ilemeyen, normal bir deneyimdir\u201d (Moreno,S.186)<\/p>\n<p>Minyat\u00fcr sahne sadece zihinde ya\u015fayan bir yerdir. Bu sahne mucizevi ilac\u0131 kullanabilmek i\u00e7in en uygun, en ideal ortamd\u0131r. Hayal g\u00fcc\u00fc ile birlikte insan\u0131n g\u00fcc\u00fc ve bak\u0131\u015f a\u00e7\u0131s\u0131 geni\u015fler. Bu protagonisti, durumunu korkusuzca, serbest\u00e7e ve rahat\u00e7a g\u00f6zden ge\u00e7irebilecek konuma getirir. Burada g\u00fcvendedir. Be\u011fenmedi\u011fini de\u011fi\u015ftirip tekrar deneyebilir.<\/p>\n<p>Burada bir \u015feyin vurgulamas\u0131 gereklidir. Minyat\u00fcr sahnenin geleneksel kukla tiyatrosuna benzememesi gibi, psikodrama sahnesi de tiyatro sahnesine benzemez. Minyat\u00fcr sahnenin belli bir yeri yoktur. Protagonist taraf\u0131ndan ona \u201cuygun\u201d olan yerde kurulur.(meydana getirilir). Hayal g\u00fcc\u00fc sayesinde bu sahne ger\u00e7ek ya\u015fam yerine ge\u00e7er. Bu nedenle minyat\u00fcr sahne her yerde kurulabilir: bir masa \u00fczerinde, yerde, kumda, bir tabak i\u00e7inde.<\/p>\n<p>Devam\u0131 Gelir&#8230;<\/p>\n[\/vc_column_text][\/vc_column][\/vc_row]\n<\/section>","protected":false},"excerpt":{"rendered":"<p>[vc_row][vc_column width=&#8221;1\/2&#8243;][vc_column_text][\/vc_column_text][\/vc_column][vc_column width=&#8221;1\/2&#8243;][vc_empty_space height=&#8221;80px&#8221;][vc_column_text] &#8216;T\u00fcm d\u00fcnya bir sahne Ve t\u00fcm erkek ve kad\u0131nlar sadece oyuncular, Sahneye giriyorlar ve \u00e7\u0131k\u0131yorlar, Ve bu s\u00fcre i\u00e7inde bir adam pek \u00e7ok rol\u00fc oynuyor,&#8217; (Shakespeare, As You Like It, Perde II, Sahne 7 ) [\/vc_column_text][\/vc_column][\/vc_row][vc_row][vc_column][vc_empty_space height=&#8221;50px&#8221;][vc_column_text] Sahneye ili\u015fkin bu metafor sahne y\u00f6neticisi olarak insan\u00fcst\u00fc, bilinmeyen, kader (tanr\u0131) gibi bir kavram\u0131 [&hellip;]<\/p>\n","protected":false},"author":1,"featured_media":0,"parent":0,"menu_order":0,"comment_status":"closed","ping_status":"closed","template":"","meta":{"footnotes":""},"class_list":["post-1104","page","type-page","status-publish","hentry"],"_links":{"self":[{"href":"https:\/\/psikodramamerkezi.com\/index.php\/wp-json\/wp\/v2\/pages\/1104","targetHints":{"allow":["GET"]}}],"collection":[{"href":"https:\/\/psikodramamerkezi.com\/index.php\/wp-json\/wp\/v2\/pages"}],"about":[{"href":"https:\/\/psikodramamerkezi.com\/index.php\/wp-json\/wp\/v2\/types\/page"}],"author":[{"embeddable":true,"href":"https:\/\/psikodramamerkezi.com\/index.php\/wp-json\/wp\/v2\/users\/1"}],"replies":[{"embeddable":true,"href":"https:\/\/psikodramamerkezi.com\/index.php\/wp-json\/wp\/v2\/comments?post=1104"}],"version-history":[{"count":16,"href":"https:\/\/psikodramamerkezi.com\/index.php\/wp-json\/wp\/v2\/pages\/1104\/revisions"}],"predecessor-version":[{"id":1400,"href":"https:\/\/psikodramamerkezi.com\/index.php\/wp-json\/wp\/v2\/pages\/1104\/revisions\/1400"}],"wp:attachment":[{"href":"https:\/\/psikodramamerkezi.com\/index.php\/wp-json\/wp\/v2\/media?parent=1104"}],"curies":[{"name":"wp","href":"https:\/\/api.w.org\/{rel}","templated":true}]}}