{"id":1093,"date":"2022-12-28T09:04:30","date_gmt":"2022-12-28T09:04:30","guid":{"rendered":"https:\/\/psikodramamerkezi.com\/?page_id=1093"},"modified":"2023-03-26T09:59:30","modified_gmt":"2023-03-26T09:59:30","slug":"monodrama","status":"publish","type":"page","link":"https:\/\/psikodramamerkezi.com\/index.php\/monodrama\/","title":{"rendered":"Psikodramay\u0131 Ku\u015f Bak\u0131\u015f\u0131 G\u00f6rmek"},"content":{"rendered":"<section class=\"wpb-content-wrapper\">[vc_row][vc_column width=&#8221;1\/2&#8243;][vc_single_image image=&#8221;1141&#8243; img_size=&#8221;500&#215;500&#8243; alignment=&#8221;center&#8221;][\/vc_column][vc_column width=&#8221;1\/2&#8243;][vc_empty_space height=&#8221;85px&#8221;][vc_column_text]Masan\u0131n sadece bir k\u0131sm\u0131 toplanm\u0131\u015f. Misafirler karn\u0131 doymu\u015f insanlar\u0131n sakinli\u011fi ile aralar\u0131nda hafif m\u0131r\u0131lt\u0131lar halinde konu\u015fuyorlar. Fincan\u0131m\u0131 ama\u00e7s\u0131zca bir oraya, bir buraya do\u011fru itiyorum. Kar\u015f\u0131mdaki misafir de benzer hareketi \u00e7akma\u011f\u0131 ile yap\u0131yor. Hi\u00e7 d\u00fc\u015f\u00fcnmeden fincan\u0131m\u0131 onun \u00e7akma\u011f\u0131na do\u011fru s\u00fcr\u00fcyorum. Bu hareketim misafiri \u015fa\u015f\u0131rt\u0131yor. O an aram\u0131zda kural\u0131 olmayan tuhaf bir oyun ba\u015fl\u0131yor. \u00c7akmak ve fincanlar\u0131m\u0131zla kar\u015f\u0131l\u0131kl\u0131 hamleler yap\u0131yoruz. Kazanan\u0131n ve kaybedenin olmad\u0131\u011f\u0131, hatta oyun alan\u0131 bile olmayan satranca benzer yo\u011funluktaki oyun hi\u00e7 konu\u015fmadan s\u00fcr\u00fcyor. Ve yine bir s\u00fcre sonra garip bir \u015fekilde kendili\u011finden sona eriyor. Oyunun biti\u015fi ilgi azald\u0131\u011f\u0131 i\u00e7in de\u011fil. Hayalimdeki oyun alan\u0131nda bir \u015feylerin son bulmas\u0131nda ve yap\u0131n\u0131n b\u0131rakt\u0131\u011f\u0131m\u0131z haliyle kalabilmesinden . Sonra, sanki yeniden suyun \u00fczerine \u00e7\u0131km\u0131\u015f\u0131z gibi bir an geliyor. Yapt\u0131klar\u0131m\u0131za bakarak, birbirimize mahcup mahcup g\u00fcl\u00fcms\u00fcyoruz.\u00a0 M\u00fcmk\u00fcn olmayan\u00a0 bir \u015fey\u00a0 olmu\u015f gibi \u015fa\u015fk\u0131nl\u0131kla ba\u015flar\u0131m\u0131z\u0131 sall\u0131yoruz.[\/vc_column_text][\/vc_column][\/vc_row][vc_row][vc_column][vc_empty_space][\/vc_column][\/vc_row][vc_row][vc_column][vc_column_text]<strong>\u0130\u00e7 ve D\u0131\u015f<\/strong><\/p>\n<p>\u0130\u00e7 d\u00fcnyam\u0131z ve d\u0131\u015f d\u00fcnya, ya\u015fam boyu s\u00fcrekli aktif bir al\u0131\u015fveri\u015f halindedir. Hayat\u0131m\u0131z\u0131 olu\u015fturan ve bizi ayakta tutan budur. \u0130\u00e7 d\u00fcnyam\u0131za ait gereksinimler d\u0131\u015ftan kar\u015f\u0131lanmal\u0131d\u0131r. B\u00fct\u00fcn davran\u0131\u015flar\u0131m\u0131z buna g\u00f6re y\u00f6nlendirilmi\u015ftir. Bu davran\u0131\u015flar amac\u0131na ula\u015famazsa, huzursuzluk olu\u015fur ve <strong>de\u011fi\u015fim <\/strong>gerekir.<\/p>\n<p>Davran\u0131\u015flar temelde duyulara ba\u011fl\u0131d\u0131r. <strong>De\u011fi\u015fim&#8217;<\/strong>in ger\u00e7ekle\u015febilmesi i\u00e7in duyusal alg\u0131lardan olu\u015fan kavray\u0131\u015fa ihtiya\u00e7 vard\u0131r. Bu nedenle, duygusal alg\u0131dan kazan\u0131lan kavray\u0131\u015f, de\u011fi\u015fimden \u00f6nce gelmelidir. Duyular\u0131m\u0131z s\u0131n\u0131rl\u0131 i\u015flevi ve al\u0131\u015f g\u00fcc\u00fc olan bir al\u0131c\u0131 istasyonu gibi d\u0131\u015ftan gelen etkilere d\u00f6n\u00fckt\u00fcr (hassast\u0131r). D\u0131\u015far\u0131dan al\u0131nan her \u015fey bir surete (kopyaya), ger\u00e7e\u011fin zihindeki bir imgesi haline d\u00f6n\u00fc\u015ft\u00fcr\u00fcl\u00fcr. Bu \u015fekliyle bellek ar\u015fivinde saklan\u0131r ve gerekti\u011finde tekrar ortaya \u00e7\u0131kar\u0131l\u0131r.<\/p>\n<p>D\u0131\u015f d\u00fcnyaya ili\u015fkin imgelerimiz her zaman ger\u00e7e\u011finden \u00e7ok farkl\u0131d\u0131r. Yaln\u0131zca onun ger\u00e7e\u011fine biraz yakla\u015fabilir. Olu\u015fturdu\u011fumuz imgeler ise her zaman sadece bize aittir. \u0130\u00e7teki imgenin ger\u00e7ekle ili\u015fkisi, kabaca ger\u00e7ek bir manzarayla haritan\u0131n ili\u015fkisine benzer. Harita ne kadar dikkatle yap\u0131lm\u0131\u015fsa, ki\u015finin ihtiyac\u0131 oldu\u011funda, arad\u0131\u011f\u0131n\u0131 bulmas\u0131, y\u00f6n\u00fcn\u00fc saptamas\u0131 o kadar kolay olacakt\u0131r. Ancak zamanla manzara de\u011fi\u015fir, boyutlar aras\u0131ndaki ili\u015fki farkl\u0131la\u015f\u0131r. Bir zamanlar ev olan yerde \u015fimdi kasaba vard\u0131r. K\u00f6y yolu, otoyola d\u00f6n\u00fc\u015fm\u00fc\u015ft\u00fcr. Harita art\u0131k i\u015fe yaramaz olur.<\/p>\n<p>Bu nedenle harita, o andaki duruma g\u00f6re yeniden de\u011ferlendirilmeli ve de\u011fi\u015ftirilmelidir. B\u00f6ylece ki\u015fi, ger\u00e7ek ko\u015fullara dair yanl\u0131\u015f tahminlerde bulunman\u0131n ve y\u00f6n\u00fcn\u00fc \u015fa\u015f\u0131rman\u0131n ac\u0131s\u0131n\u0131 \u00e7ekmez. \u00d6te yandan, eski haritaya o kadar al\u0131\u015f\u0131lm\u0131\u015ft\u0131r ki her de\u011fi\u015fim ac\u0131l\u0131d\u0131r. Bu nedenle de\u011fi\u015fime kar\u015f\u0131 isteksizdir. Ancak denemek i\u00e7in g\u00f6n\u00fcls\u00fczce i\u015fe ba\u015flan\u0131r.<\/p>\n<p>De\u011fi\u015fimin olu\u015fabilmesi i\u00e7in; \u015fehir haritas\u0131na <u>benzer \u015fekilde,\u201dpsikolojik \u015febeke haritam\u0131zla\u201d \u00e7al\u0131\u015fmal\u0131y\u0131z.(Moreno 1959, S.276) <\/u>Art\u0131k eski bak\u0131\u015f a\u00e7\u0131m\u0131z yarars\u0131zd\u0131r. Yeni ko\u015fullara uygun denemeler yapmal\u0131d\u0131r.<\/p>\n<p>Yeniden \u00f6l\u00e7me, de\u011ferlendirme ve s\u0131nama ile kazan\u0131lan yeni alg\u0131 ve kavray\u0131\u015fla &#8220;Psikolojik a\u011f haritam\u0131zda&#8221; mant\u0131kl\u0131, duruma uygun de\u011fi\u015fiklikler yap\u0131labilir. \u201c<em><u>\u0130nsan\u0131n ruhuna do\u011frudan girmek ve orada neler olup bitti\u011fini kavramak imkans\u0131z oldu\u011fu i\u00e7in psikodrama, bireyin ruhsal i\u00e7eri\u011fini \u201cd\u0131\u015far\u0131ya\u201d \u00e7\u0131karmak ve onu elle tutulabilir ve kontrol edilebilir bir d\u00fcnyada nesnelle\u015ftirmeye (somutla\u015ft\u0131rma) \u00e7al\u0131\u015f\u0131r.\u201d(Moreno, S.111)<\/u><\/em> G\u00fcnter Ziegler<\/p>\n<p><em>Devam\u0131 Gelir&#8230;<\/em>[\/vc_column_text][\/vc_column][\/vc_row]\n<\/section>","protected":false},"excerpt":{"rendered":"<p>[vc_row][vc_column width=&#8221;1\/2&#8243;][vc_single_image image=&#8221;1141&#8243; img_size=&#8221;500&#215;500&#8243; alignment=&#8221;center&#8221;][\/vc_column][vc_column width=&#8221;1\/2&#8243;][vc_empty_space height=&#8221;85px&#8221;][vc_column_text]Masan\u0131n sadece bir k\u0131sm\u0131 toplanm\u0131\u015f. Misafirler karn\u0131 doymu\u015f insanlar\u0131n sakinli\u011fi ile aralar\u0131nda hafif m\u0131r\u0131lt\u0131lar halinde konu\u015fuyorlar. Fincan\u0131m\u0131 ama\u00e7s\u0131zca bir oraya, bir buraya do\u011fru itiyorum. Kar\u015f\u0131mdaki misafir de benzer hareketi \u00e7akma\u011f\u0131 ile yap\u0131yor. Hi\u00e7 d\u00fc\u015f\u00fcnmeden fincan\u0131m\u0131 onun \u00e7akma\u011f\u0131na do\u011fru s\u00fcr\u00fcyorum. Bu hareketim misafiri \u015fa\u015f\u0131rt\u0131yor. O an aram\u0131zda kural\u0131 olmayan tuhaf [&hellip;]<\/p>\n","protected":false},"author":1,"featured_media":0,"parent":0,"menu_order":0,"comment_status":"closed","ping_status":"closed","template":"","meta":{"footnotes":""},"class_list":["post-1093","page","type-page","status-publish","hentry"],"_links":{"self":[{"href":"https:\/\/psikodramamerkezi.com\/index.php\/wp-json\/wp\/v2\/pages\/1093","targetHints":{"allow":["GET"]}}],"collection":[{"href":"https:\/\/psikodramamerkezi.com\/index.php\/wp-json\/wp\/v2\/pages"}],"about":[{"href":"https:\/\/psikodramamerkezi.com\/index.php\/wp-json\/wp\/v2\/types\/page"}],"author":[{"embeddable":true,"href":"https:\/\/psikodramamerkezi.com\/index.php\/wp-json\/wp\/v2\/users\/1"}],"replies":[{"embeddable":true,"href":"https:\/\/psikodramamerkezi.com\/index.php\/wp-json\/wp\/v2\/comments?post=1093"}],"version-history":[{"count":12,"href":"https:\/\/psikodramamerkezi.com\/index.php\/wp-json\/wp\/v2\/pages\/1093\/revisions"}],"predecessor-version":[{"id":1376,"href":"https:\/\/psikodramamerkezi.com\/index.php\/wp-json\/wp\/v2\/pages\/1093\/revisions\/1376"}],"wp:attachment":[{"href":"https:\/\/psikodramamerkezi.com\/index.php\/wp-json\/wp\/v2\/media?parent=1093"}],"curies":[{"name":"wp","href":"https:\/\/api.w.org\/{rel}","templated":true}]}}